{"id":2889,"date":"2013-03-23T13:05:14","date_gmt":"2013-03-23T13:05:14","guid":{"rendered":"https:\/\/agullovilaro.es\/en\/sobre-nosotros\/"},"modified":"2019-01-22T12:23:17","modified_gmt":"2019-01-22T12:23:17","slug":"sobre-nosotros","status":"publish","type":"page","link":"https:\/\/www.agullovilaro.es\/en\/sobre-nosotros\/","title":{"rendered":"ABOUT US"},"content":{"rendered":"[vc_row type=&#8221;full_width_background&#8221; full_screen_row_position=&#8221;middle&#8221; bg_color=&#8221;#ffffff&#8221; scene_position=&#8221;center&#8221; text_color=&#8221;dark&#8221; text_align=&#8221;left&#8221; overlay_strength=&#8221;0.3&#8243; shape_divider_position=&#8221;bottom&#8221;][vc_column column_padding=&#8221;no-extra-padding&#8221; column_padding_position=&#8221;all&#8221; background_color_opacity=&#8221;1&#8243; background_hover_color_opacity=&#8221;1&#8243; column_link_target=&#8221;_self&#8221; column_shadow=&#8221;none&#8221; column_border_radius=&#8221;none&#8221; width=&#8221;1\/1&#8243; tablet_width_inherit=&#8221;default&#8221; tablet_text_alignment=&#8221;default&#8221; phone_text_alignment=&#8221;default&#8221; column_border_width=&#8221;none&#8221; column_border_style=&#8221;solid&#8221;][divider line_type=&#8221;No Line&#8221; custom_height=&#8221;30&#8243;][\/vc_column][\/vc_row][vc_row type=&#8221;full_width_background&#8221; full_screen_row_position=&#8221;middle&#8221; bg_color=&#8221;#ffffff&#8221; scene_position=&#8221;center&#8221; text_color=&#8221;dark&#8221; text_align=&#8221;left&#8221; top_padding=&#8221;0&#8243; bottom_padding=&#8221;0&#8243; overlay_strength=&#8221;0.3&#8243; shape_divider_position=&#8221;bottom&#8221;][vc_column column_padding=&#8221;padding-1-percent&#8221; column_padding_position=&#8221;all&#8221; background_color=&#8221;#ffffff&#8221; background_color_opacity=&#8221;1&#8243; background_hover_color_opacity=&#8221;1&#8243; column_link_target=&#8221;_self&#8221; column_shadow=&#8221;none&#8221; column_border_radius=&#8221;none&#8221; width=&#8221;1\/2&#8243; tablet_width_inherit=&#8221;default&#8221; tablet_text_alignment=&#8221;default&#8221; phone_text_alignment=&#8221;default&#8221; column_border_width=&#8221;none&#8221; column_border_style=&#8221;solid&#8221;][vc_row_inner column_margin=&#8221;default&#8221; text_align=&#8221;left&#8221;][vc_column_inner enable_animation=&#8221;true&#8221; animation=&#8221;flip-in&#8221; column_padding=&#8221;no-extra-padding&#8221; column_padding_position=&#8221;all&#8221; background_color_opacity=&#8221;1&#8243; background_hover_color_opacity=&#8221;1&#8243; column_shadow=&#8221;none&#8221; column_border_radius=&#8221;none&#8221; column_link_target=&#8221;_self&#8221; width=&#8221;1\/1&#8243; tablet_width_inherit=&#8221;default&#8221; column_border_width=&#8221;none&#8221; column_border_style=&#8221;solid&#8221;][vc_column_text]We, Dr. Emma Vilar\u00f3 and Dr. Carlos Agullo, founded the <strong>Dental Clinic Agullo Vilar\u00f3<\/strong> with a working method based on a correct diagnosis: <span id=\"result_box\" class=\"short_text\" lang=\"en\"><span class=\"hps\">not only<\/span> <span class=\"hps\">we treat<\/span> <span class=\"hps\">teeth<\/span><\/span><\/p>\n<p>Our main priority is to make a correct diagnosis, and that is the reason why we do examine everything: musculature, bones, airways, position, gums, joints and jaw movements.<\/p>\n<p>We usually apply multidisciplinary treatments. Therefore, professionals of different medical specialties have joined our team.<\/p>\n<p>On the first visit, a brief clinical examination is performed. We take a panoramic x-ray, and ask each patient to tell us his\/her demands. Hereafter, we decide if it is necessary to perform any other test, to be able to make a correct diagnosis. Therefore, we will offer you one solution and a budget.[\/vc_column_text][\/vc_column_inner][\/vc_row_inner][\/vc_column][vc_column column_padding=&#8221;no-extra-padding&#8221; column_padding_position=&#8221;all&#8221; background_color=&#8221;#222222&#8243; background_color_opacity=&#8221;1&#8243; background_hover_color_opacity=&#8221;1&#8243; column_link_target=&#8221;_self&#8221; column_shadow=&#8221;none&#8221; column_border_radius=&#8221;none&#8221; width=&#8221;1\/2&#8243; tablet_width_inherit=&#8221;default&#8221; tablet_text_alignment=&#8221;default&#8221; phone_text_alignment=&#8221;default&#8221; column_border_width=&#8221;none&#8221; column_border_style=&#8221;solid&#8221;][image_with_animation image_url=&#8221;3946&#8243; alignment=&#8221;center&#8221; animation=&#8221;Fade In&#8221; border_radius=&#8221;none&#8221; box_shadow=&#8221;none&#8221; max_width=&#8221;100%&#8221;][\/vc_column][\/vc_row][vc_row type=&#8221;full_width_background&#8221; full_screen_row_position=&#8221;middle&#8221; bg_color=&#8221;#ffffff&#8221; scene_position=&#8221;center&#8221; text_color=&#8221;dark&#8221; text_align=&#8221;left&#8221; overlay_strength=&#8221;0.3&#8243; shape_divider_position=&#8221;bottom&#8221;][vc_column column_padding=&#8221;no-extra-padding&#8221; column_padding_position=&#8221;all&#8221; background_color_opacity=&#8221;1&#8243; background_hover_color_opacity=&#8221;1&#8243; column_link_target=&#8221;_self&#8221; column_shadow=&#8221;none&#8221; column_border_radius=&#8221;none&#8221; width=&#8221;1\/1&#8243; tablet_width_inherit=&#8221;default&#8221; tablet_text_alignment=&#8221;default&#8221; phone_text_alignment=&#8221;default&#8221; column_border_width=&#8221;none&#8221; column_border_style=&#8221;solid&#8221;][divider line_type=&#8221;No Line&#8221; custom_height=&#8221;60&#8243;][\/vc_column][\/vc_row]\n","protected":false},"excerpt":{"rendered":"<p>[vc_row type=&#8221;full_width_background&#8221; full_screen_row_position=&#8221;middle&#8221; bg_color=&#8221;#ffffff&#8221; scene_position=&#8221;center&#8221; text_color=&#8221;dark&#8221; text_align=&#8221;left&#8221; overlay_strength=&#8221;0.3&#8243; shape_divider_position=&#8221;bottom&#8221;][vc_column column_padding=&#8221;no-extra-padding&#8221; column_padding_position=&#8221;all&#8221; background_color_opacity=&#8221;1&#8243; background_hover_color_opacity=&#8221;1&#8243; column_link_target=&#8221;_self&#8221; column_shadow=&#8221;none&#8221; column_border_radius=&#8221;none&#8221; width=&#8221;1\/1&#8243; tablet_width_inherit=&#8221;default&#8221; tablet_text_alignment=&#8221;default&#8221; phone_text_alignment=&#8221;default&#8221; column_border_width=&#8221;none&#8221; column_border_style=&#8221;solid&#8221;][divider line_type=&#8221;No Line&#8221; custom_height=&#8221;30&#8243;][\/vc_column][\/vc_row][vc_row type=&#8221;full_width_background&#8221; full_screen_row_position=&#8221;middle&#8221; bg_color=&#8221;#ffffff&#8221; scene_position=&#8221;center&#8221; text_color=&#8221;dark&#8221;&#8230;<\/p>\n","protected":false},"author":7,"featured_media":0,"parent":0,"menu_order":43,"comment_status":"open","ping_status":"closed","template":"","meta":{"footnotes":""},"class_list":["post-2889","page","type-page","status-publish"],"yoast_head":"<!-- This site is optimized with the Yoast SEO plugin v26.6 - https:\/\/yoast.com\/wordpress\/plugins\/seo\/ -->\n<title>About Us - AGULL\u00d3 Y VILAR\u00d3 DENTAL CLINIC<\/title>\n<meta name=\"description\" content=\"About Us - AGULL\u00d3 Y VILAR\u00d3 DENTAL CLINIC\" \/>\n<meta name=\"robots\" content=\"index, follow, max-snippet:-1, max-image-preview:large, max-video-preview:-1\" \/>\n<link rel=\"canonical\" href=\"https:\/\/www.agullovilaro.es\/en\/sobre-nosotros\/\" \/>\n<meta property=\"og:locale\" content=\"en_US\" \/>\n<meta property=\"og:type\" content=\"article\" \/>\n<meta property=\"og:title\" content=\"About Us - AGULL\u00d3 Y VILAR\u00d3 DENTAL CLINIC\" \/>\n<meta property=\"og:description\" content=\"About Us - AGULL\u00d3 Y VILAR\u00d3 DENTAL CLINIC\" \/>\n<meta property=\"og:url\" content=\"https:\/\/www.agullovilaro.es\/en\/sobre-nosotros\/\" \/>\n<meta property=\"og:site_name\" content=\"Cl\u00ednica Odontol\u00f3gica Agull\u00f3 y Vilar\u00f3\" \/>\n<meta property=\"article:modified_time\" content=\"2019-01-22T12:23:17+00:00\" \/>\n<meta name=\"twitter:card\" content=\"summary_large_image\" \/>\n<meta name=\"twitter:label1\" content=\"Est. reading time\" \/>\n\t<meta name=\"twitter:data1\" content=\"3 minutes\" \/>\n<script type=\"application\/ld+json\" class=\"yoast-schema-graph\">{\"@context\":\"https:\/\/schema.org\",\"@graph\":[{\"@type\":\"WebPage\",\"@id\":\"https:\/\/www.agullovilaro.es\/en\/sobre-nosotros\/\",\"url\":\"https:\/\/www.agullovilaro.es\/en\/sobre-nosotros\/\",\"name\":\"About Us - AGULL\u00d3 Y VILAR\u00d3 DENTAL CLINIC\",\"isPartOf\":{\"@id\":\"https:\/\/www.agullovilaro.es\/#website\"},\"datePublished\":\"2013-03-23T13:05:14+00:00\",\"dateModified\":\"2019-01-22T12:23:17+00:00\",\"description\":\"About Us - AGULL\u00d3 Y VILAR\u00d3 DENTAL CLINIC\",\"breadcrumb\":{\"@id\":\"https:\/\/www.agullovilaro.es\/en\/sobre-nosotros\/#breadcrumb\"},\"inLanguage\":\"en-US\",\"potentialAction\":[{\"@type\":\"ReadAction\",\"target\":[\"https:\/\/www.agullovilaro.es\/en\/sobre-nosotros\/\"]}]},{\"@type\":\"BreadcrumbList\",\"@id\":\"https:\/\/www.agullovilaro.es\/en\/sobre-nosotros\/#breadcrumb\",\"itemListElement\":[{\"@type\":\"ListItem\",\"position\":1,\"name\":\"Portada\",\"item\":\"https:\/\/www.agullovilaro.es\/en\/\"},{\"@type\":\"ListItem\",\"position\":2,\"name\":\"ABOUT US\"}]},{\"@type\":\"WebSite\",\"@id\":\"https:\/\/www.agullovilaro.es\/#website\",\"url\":\"https:\/\/www.agullovilaro.es\/\",\"name\":\"Cl\u00ednica Odontol\u00f3gica Agull\u00f3 y Vilar\u00f3\",\"description\":\"\",\"potentialAction\":[{\"@type\":\"SearchAction\",\"target\":{\"@type\":\"EntryPoint\",\"urlTemplate\":\"https:\/\/www.agullovilaro.es\/?s={search_term_string}\"},\"query-input\":{\"@type\":\"PropertyValueSpecification\",\"valueRequired\":true,\"valueName\":\"search_term_string\"}}],\"inLanguage\":\"en-US\"}]}<\/script>\n<!-- \/ Yoast SEO plugin. -->","yoast_head_json":{"title":"About Us - AGULL\u00d3 Y VILAR\u00d3 DENTAL CLINIC","description":"About Us - AGULL\u00d3 Y VILAR\u00d3 DENTAL CLINIC","robots":{"index":"index","follow":"follow","max-snippet":"max-snippet:-1","max-image-preview":"max-image-preview:large","max-video-preview":"max-video-preview:-1"},"canonical":"https:\/\/www.agullovilaro.es\/en\/sobre-nosotros\/","og_locale":"en_US","og_type":"article","og_title":"About Us - AGULL\u00d3 Y VILAR\u00d3 DENTAL CLINIC","og_description":"About Us - AGULL\u00d3 Y VILAR\u00d3 DENTAL CLINIC","og_url":"https:\/\/www.agullovilaro.es\/en\/sobre-nosotros\/","og_site_name":"Cl\u00ednica Odontol\u00f3gica Agull\u00f3 y Vilar\u00f3","article_modified_time":"2019-01-22T12:23:17+00:00","twitter_card":"summary_large_image","twitter_misc":{"Est. reading time":"3 minutes"},"schema":{"@context":"https:\/\/schema.org","@graph":[{"@type":"WebPage","@id":"https:\/\/www.agullovilaro.es\/en\/sobre-nosotros\/","url":"https:\/\/www.agullovilaro.es\/en\/sobre-nosotros\/","name":"About Us - AGULL\u00d3 Y VILAR\u00d3 DENTAL CLINIC","isPartOf":{"@id":"https:\/\/www.agullovilaro.es\/#website"},"datePublished":"2013-03-23T13:05:14+00:00","dateModified":"2019-01-22T12:23:17+00:00","description":"About Us - AGULL\u00d3 Y VILAR\u00d3 DENTAL CLINIC","breadcrumb":{"@id":"https:\/\/www.agullovilaro.es\/en\/sobre-nosotros\/#breadcrumb"},"inLanguage":"en-US","potentialAction":[{"@type":"ReadAction","target":["https:\/\/www.agullovilaro.es\/en\/sobre-nosotros\/"]}]},{"@type":"BreadcrumbList","@id":"https:\/\/www.agullovilaro.es\/en\/sobre-nosotros\/#breadcrumb","itemListElement":[{"@type":"ListItem","position":1,"name":"Portada","item":"https:\/\/www.agullovilaro.es\/en\/"},{"@type":"ListItem","position":2,"name":"ABOUT US"}]},{"@type":"WebSite","@id":"https:\/\/www.agullovilaro.es\/#website","url":"https:\/\/www.agullovilaro.es\/","name":"Cl\u00ednica Odontol\u00f3gica Agull\u00f3 y Vilar\u00f3","description":"","potentialAction":[{"@type":"SearchAction","target":{"@type":"EntryPoint","urlTemplate":"https:\/\/www.agullovilaro.es\/?s={search_term_string}"},"query-input":{"@type":"PropertyValueSpecification","valueRequired":true,"valueName":"search_term_string"}}],"inLanguage":"en-US"}]}},"_links":{"self":[{"href":"https:\/\/www.agullovilaro.es\/en\/wp-json\/wp\/v2\/pages\/2889","targetHints":{"allow":["GET"]}}],"collection":[{"href":"https:\/\/www.agullovilaro.es\/en\/wp-json\/wp\/v2\/pages"}],"about":[{"href":"https:\/\/www.agullovilaro.es\/en\/wp-json\/wp\/v2\/types\/page"}],"author":[{"embeddable":true,"href":"https:\/\/www.agullovilaro.es\/en\/wp-json\/wp\/v2\/users\/7"}],"replies":[{"embeddable":true,"href":"https:\/\/www.agullovilaro.es\/en\/wp-json\/wp\/v2\/comments?post=2889"}],"version-history":[{"count":4,"href":"https:\/\/www.agullovilaro.es\/en\/wp-json\/wp\/v2\/pages\/2889\/revisions"}],"predecessor-version":[{"id":3948,"href":"https:\/\/www.agullovilaro.es\/en\/wp-json\/wp\/v2\/pages\/2889\/revisions\/3948"}],"wp:attachment":[{"href":"https:\/\/www.agullovilaro.es\/en\/wp-json\/wp\/v2\/media?parent=2889"}],"curies":[{"name":"wp","href":"https:\/\/api.w.org\/{rel}","templated":true}]}}