{"id":2894,"date":"2015-10-15T11:20:28","date_gmt":"2015-10-15T11:20:28","guid":{"rendered":"https:\/\/agullovilaro.es\/en\/ortodoncia\/"},"modified":"2016-04-26T07:23:44","modified_gmt":"2016-04-26T07:23:44","slug":"ortodoncia","status":"publish","type":"page","link":"https:\/\/www.agullovilaro.es\/en\/ortodoncia\/","title":{"rendered":"Orthodontics"},"content":{"rendered":"[vc_row type=&#8221;full_width_background&#8221; bg_color=&#8221;#ffffff&#8221; scene_position=&#8221;center&#8221; text_color=&#8221;dark&#8221; text_align=&#8221;left&#8221; top_padding=&#8221;30&#8243; bottom_padding=&#8221;40&#8243;][vc_column column_padding=&#8221;no-extra-padding&#8221; column_padding_position=&#8221;all&#8221; background_color_opacity=&#8221;1&#8243; background_hover_color_opacity=&#8221;1&#8243; width=&#8221;2\/3&#8243;][vc_column_text]Orthodontics is a specialty within Dentistry that deals with the detection and treatment of anomalies regarding shape, position and function of teeth and bone structures.<\/p>\n<p>&nbsp;<\/p>\n<p><img fetchpriority=\"high\" decoding=\"async\" class=\"aligncenter size-medium wp-image-244\" src=\"https:\/\/www.agullovilaro.es\/wp-content\/uploads\/2015\/10\/brackets-720x337.jpg\" alt=\"brackets\" width=\"720\" height=\"337\" \/><\/p>\n<p>It is hard to keep badly positioned teeth clean, or teeth which do not chew properly.<\/p>\n<p>This can cause cavities or gum problems, such as periodontal disease. This can also cause stress on chewing muscles and neck, which can lead to problems with the joints and muscles, or headaches. Besides, teeth incorrectly positioned, or an improper position of teeth in the dental arch, does not help to show the perfect cosmetic appearance, the main concern of our patients.<\/p>\n<p>&nbsp;<\/p>\n<p><img decoding=\"async\" class=\"aligncenter wp-image-290 size-medium\" src=\"https:\/\/www.agullovilaro.es\/wp-content\/uploads\/2015\/10\/Ortodoncia-1-720x478.jpg\" alt=\"Ortodoncia\" width=\"720\" height=\"478\" \/><\/p>\n<p>&nbsp;<\/p>\n<p>The Dentist or Orthodontist is the Dental Professional who practices Orthodontics as an specialization. Before the treatment, he\/she will make a diagnosis with the help of an x-ray, plaster casts and photos. Some supplementary tests are usually needed, such as a scanner or x-ray of the hand, depending on the complexity of the case.<\/p>\n<p>&nbsp;<\/p>\n<p><img decoding=\"async\" class=\" size-large wp-image-205 aligncenter\" src=\"https:\/\/www.agullovilaro.es\/wp-content\/uploads\/2015\/10\/5-6-1140x723.jpg\" alt=\"estetica 4\" width=\"500\" height=\"317\" \/><\/p>\n<p>Orthodontics goes far beyond the teeth alignment. We also correct alterations in the maxillary bones, face and,\u00a0 specially, chewing functional disorders.<\/p>\n<p><strong>When should we go to the Dentist for the first time?<\/strong><\/p>\n<p>It depends on the kind and severity of the problem. In any case, it is generally recommended that a child be seen by a dentist by the age of 6-7 onwards. Orthodontic treatments are usually associated with adolescence, though prevention from an early age is really important.<\/p>\n<p>&nbsp;<\/p>\n<p>&nbsp;<\/p>\n<p><img loading=\"lazy\" decoding=\"async\" class=\"aligncenter size-medium wp-image-291\" src=\"https:\/\/www.agullovilaro.es\/wp-content\/uploads\/2015\/10\/Ortodoncia-2-720x480.jpg\" alt=\"Ortodoncia 2\" width=\"720\" height=\"480\" \/><\/p>\n<p>&nbsp;<\/p>\n<p><strong>How do I know if I need orthodontic treatment?<\/strong><\/p>\n<p>Your Dentist or Orthodontist can decide if you need orthodontic treatment, and that is the reason why children at the age of 6-7 onwards should be seen by a dentist, since bone problems, such as narrow maxilla, open or crossed bites, are easier to correct if detected at an early age, before growth has stopped, since surgery is often required after this age.<\/p>\n<p><a href=\"https:\/\/www.agullovilaro.es\/wp-content\/uploads\/2015\/10\/Incognito_Appliance.jpg\" rel=\"attachment wp-att-3235\"><img loading=\"lazy\" decoding=\"async\" class=\"aligncenter size-full wp-image-3235\" src=\"https:\/\/www.agullovilaro.es\/wp-content\/uploads\/2015\/10\/Incognito_Appliance.jpg\" alt=\"Incognito_Appliance\" width=\"624\" height=\"368\" srcset=\"https:\/\/www.agullovilaro.es\/wp-content\/uploads\/2015\/10\/Incognito_Appliance.jpg 624w, https:\/\/www.agullovilaro.es\/wp-content\/uploads\/2015\/10\/Incognito_Appliance-300x177.jpg 300w\" sizes=\"(max-width: 624px) 100vw, 624px\" \/><\/a><\/p>\n<p>&nbsp;<\/p>\n<p>&nbsp;<\/p>\n<p><strong>External links:<\/strong><\/p>\n<ul>\n<li><a href=\"https:\/\/www.dentsply.com\/en-us\/orthodontics\/brackets\/self-ligating-brackets.html#tabs=In-Ovation%C2%AE%20R\/Interactive%20Control\" target=\"_blank\">Brakets de auto ligado ultima generaci\u00f3n<\/a><\/li>\n<li><a href=\"https:\/\/www.dentsply.com\/en-us\/orthodontics\/brackets\/self-ligating-brackets.html#tabs=In-Ovation%C2%AE%20C\/Interactive%20Control\" target=\"_blank\">Brakets est\u00e9ticos \u00faltima generaci\u00f3n<\/a><\/li>\n<li><a href=\"http:\/\/solutions.productos3m.es\/wps\/portal\/3M\/es_ES\/orthodontics_EU\/Unitek\/SolutionsCategory\/Lingual-Appliances\/Incognito\/\" target=\"_blank\">Incognito brakets linguales<\/a><\/li>\n<\/ul>\n[\/vc_column_text][\/vc_column][vc_column column_padding=&#8221;no-extra-padding&#8221; column_padding_position=&#8221;all&#8221; background_color_opacity=&#8221;1&#8243; background_hover_color_opacity=&#8221;1&#8243; width=&#8221;1\/3&#8243;][vc_widget_sidebar title=&#8221;Otros tratamientos&#8221; sidebar_id=&#8221;footer-area-1&#8243;][\/vc_column][\/vc_row]\n","protected":false},"excerpt":{"rendered":"<p>[vc_row type=&#8221;full_width_background&#8221; bg_color=&#8221;#ffffff&#8221; scene_position=&#8221;center&#8221; text_color=&#8221;dark&#8221; text_align=&#8221;left&#8221; top_padding=&#8221;30&#8243; bottom_padding=&#8221;40&#8243;][vc_column column_padding=&#8221;no-extra-padding&#8221; column_padding_position=&#8221;all&#8221; background_color_opacity=&#8221;1&#8243; background_hover_color_opacity=&#8221;1&#8243; width=&#8221;2\/3&#8243;][vc_column_text]Orthodontics is a specialty within Dentistry that deals with the detection and treatment of anomalies regarding shape, position&#8230;<\/p>\n","protected":false},"author":7,"featured_media":0,"parent":0,"menu_order":0,"comment_status":"closed","ping_status":"closed","template":"","meta":{"footnotes":""},"class_list":["post-2894","page","type-page","status-publish"],"yoast_head":"<!-- This site is optimized with the Yoast SEO plugin v26.6 - https:\/\/yoast.com\/wordpress\/plugins\/seo\/ -->\n<title>Orthodontics - AGULL\u00d3 Y VILAR\u00d3 DENTAL CLINIC<\/title>\n<meta name=\"description\" content=\"Orthodontics - AGULL\u00d3 Y VILAR\u00d3 DENTAL CLINIC\" \/>\n<meta name=\"robots\" content=\"index, follow, max-snippet:-1, max-image-preview:large, max-video-preview:-1\" \/>\n<link rel=\"canonical\" href=\"https:\/\/www.agullovilaro.es\/en\/ortodoncia\/\" \/>\n<meta property=\"og:locale\" content=\"en_US\" \/>\n<meta property=\"og:type\" content=\"article\" \/>\n<meta property=\"og:title\" content=\"Orthodontics - AGULL\u00d3 Y VILAR\u00d3 DENTAL CLINIC\" \/>\n<meta property=\"og:description\" content=\"Orthodontics - AGULL\u00d3 Y VILAR\u00d3 DENTAL CLINIC\" \/>\n<meta property=\"og:url\" content=\"https:\/\/www.agullovilaro.es\/en\/ortodoncia\/\" \/>\n<meta property=\"og:site_name\" content=\"Cl\u00ednica Odontol\u00f3gica Agull\u00f3 y Vilar\u00f3\" \/>\n<meta property=\"article:modified_time\" content=\"2016-04-26T07:23:44+00:00\" \/>\n<meta property=\"og:image\" content=\"https:\/\/www.agullovilaro.es\/wp-content\/uploads\/2015\/10\/brackets-720x337.jpg\" \/>\n<meta name=\"twitter:card\" content=\"summary_large_image\" \/>\n<meta name=\"twitter:label1\" content=\"Est. reading time\" \/>\n\t<meta name=\"twitter:data1\" content=\"2 minutes\" \/>\n<script type=\"application\/ld+json\" class=\"yoast-schema-graph\">{\"@context\":\"https:\/\/schema.org\",\"@graph\":[{\"@type\":\"WebPage\",\"@id\":\"https:\/\/www.agullovilaro.es\/en\/ortodoncia\/\",\"url\":\"https:\/\/www.agullovilaro.es\/en\/ortodoncia\/\",\"name\":\"Orthodontics - AGULL\u00d3 Y VILAR\u00d3 DENTAL CLINIC\",\"isPartOf\":{\"@id\":\"https:\/\/www.agullovilaro.es\/#website\"},\"primaryImageOfPage\":{\"@id\":\"https:\/\/www.agullovilaro.es\/en\/ortodoncia\/#primaryimage\"},\"image\":{\"@id\":\"https:\/\/www.agullovilaro.es\/en\/ortodoncia\/#primaryimage\"},\"thumbnailUrl\":\"https:\/\/www.agullovilaro.es\/wp-content\/uploads\/2015\/10\/brackets-720x337.jpg\",\"datePublished\":\"2015-10-15T11:20:28+00:00\",\"dateModified\":\"2016-04-26T07:23:44+00:00\",\"description\":\"Orthodontics - AGULL\u00d3 Y VILAR\u00d3 DENTAL CLINIC\",\"breadcrumb\":{\"@id\":\"https:\/\/www.agullovilaro.es\/en\/ortodoncia\/#breadcrumb\"},\"inLanguage\":\"en-US\",\"potentialAction\":[{\"@type\":\"ReadAction\",\"target\":[\"https:\/\/www.agullovilaro.es\/en\/ortodoncia\/\"]}]},{\"@type\":\"ImageObject\",\"inLanguage\":\"en-US\",\"@id\":\"https:\/\/www.agullovilaro.es\/en\/ortodoncia\/#primaryimage\",\"url\":\"https:\/\/www.agullovilaro.es\/wp-content\/uploads\/2015\/10\/brackets-720x337.jpg\",\"contentUrl\":\"https:\/\/www.agullovilaro.es\/wp-content\/uploads\/2015\/10\/brackets-720x337.jpg\"},{\"@type\":\"BreadcrumbList\",\"@id\":\"https:\/\/www.agullovilaro.es\/en\/ortodoncia\/#breadcrumb\",\"itemListElement\":[{\"@type\":\"ListItem\",\"position\":1,\"name\":\"Portada\",\"item\":\"https:\/\/www.agullovilaro.es\/en\/\"},{\"@type\":\"ListItem\",\"position\":2,\"name\":\"Orthodontics\"}]},{\"@type\":\"WebSite\",\"@id\":\"https:\/\/www.agullovilaro.es\/#website\",\"url\":\"https:\/\/www.agullovilaro.es\/\",\"name\":\"Cl\u00ednica Odontol\u00f3gica Agull\u00f3 y Vilar\u00f3\",\"description\":\"\",\"potentialAction\":[{\"@type\":\"SearchAction\",\"target\":{\"@type\":\"EntryPoint\",\"urlTemplate\":\"https:\/\/www.agullovilaro.es\/?s={search_term_string}\"},\"query-input\":{\"@type\":\"PropertyValueSpecification\",\"valueRequired\":true,\"valueName\":\"search_term_string\"}}],\"inLanguage\":\"en-US\"}]}<\/script>\n<!-- \/ Yoast SEO plugin. -->","yoast_head_json":{"title":"Orthodontics - AGULL\u00d3 Y VILAR\u00d3 DENTAL CLINIC","description":"Orthodontics - AGULL\u00d3 Y VILAR\u00d3 DENTAL CLINIC","robots":{"index":"index","follow":"follow","max-snippet":"max-snippet:-1","max-image-preview":"max-image-preview:large","max-video-preview":"max-video-preview:-1"},"canonical":"https:\/\/www.agullovilaro.es\/en\/ortodoncia\/","og_locale":"en_US","og_type":"article","og_title":"Orthodontics - AGULL\u00d3 Y VILAR\u00d3 DENTAL CLINIC","og_description":"Orthodontics - AGULL\u00d3 Y VILAR\u00d3 DENTAL CLINIC","og_url":"https:\/\/www.agullovilaro.es\/en\/ortodoncia\/","og_site_name":"Cl\u00ednica Odontol\u00f3gica Agull\u00f3 y Vilar\u00f3","article_modified_time":"2016-04-26T07:23:44+00:00","og_image":[{"url":"https:\/\/www.agullovilaro.es\/wp-content\/uploads\/2015\/10\/brackets-720x337.jpg","type":"","width":"","height":""}],"twitter_card":"summary_large_image","twitter_misc":{"Est. reading time":"2 minutes"},"schema":{"@context":"https:\/\/schema.org","@graph":[{"@type":"WebPage","@id":"https:\/\/www.agullovilaro.es\/en\/ortodoncia\/","url":"https:\/\/www.agullovilaro.es\/en\/ortodoncia\/","name":"Orthodontics - AGULL\u00d3 Y VILAR\u00d3 DENTAL CLINIC","isPartOf":{"@id":"https:\/\/www.agullovilaro.es\/#website"},"primaryImageOfPage":{"@id":"https:\/\/www.agullovilaro.es\/en\/ortodoncia\/#primaryimage"},"image":{"@id":"https:\/\/www.agullovilaro.es\/en\/ortodoncia\/#primaryimage"},"thumbnailUrl":"https:\/\/www.agullovilaro.es\/wp-content\/uploads\/2015\/10\/brackets-720x337.jpg","datePublished":"2015-10-15T11:20:28+00:00","dateModified":"2016-04-26T07:23:44+00:00","description":"Orthodontics - AGULL\u00d3 Y VILAR\u00d3 DENTAL CLINIC","breadcrumb":{"@id":"https:\/\/www.agullovilaro.es\/en\/ortodoncia\/#breadcrumb"},"inLanguage":"en-US","potentialAction":[{"@type":"ReadAction","target":["https:\/\/www.agullovilaro.es\/en\/ortodoncia\/"]}]},{"@type":"ImageObject","inLanguage":"en-US","@id":"https:\/\/www.agullovilaro.es\/en\/ortodoncia\/#primaryimage","url":"https:\/\/www.agullovilaro.es\/wp-content\/uploads\/2015\/10\/brackets-720x337.jpg","contentUrl":"https:\/\/www.agullovilaro.es\/wp-content\/uploads\/2015\/10\/brackets-720x337.jpg"},{"@type":"BreadcrumbList","@id":"https:\/\/www.agullovilaro.es\/en\/ortodoncia\/#breadcrumb","itemListElement":[{"@type":"ListItem","position":1,"name":"Portada","item":"https:\/\/www.agullovilaro.es\/en\/"},{"@type":"ListItem","position":2,"name":"Orthodontics"}]},{"@type":"WebSite","@id":"https:\/\/www.agullovilaro.es\/#website","url":"https:\/\/www.agullovilaro.es\/","name":"Cl\u00ednica Odontol\u00f3gica Agull\u00f3 y Vilar\u00f3","description":"","potentialAction":[{"@type":"SearchAction","target":{"@type":"EntryPoint","urlTemplate":"https:\/\/www.agullovilaro.es\/?s={search_term_string}"},"query-input":{"@type":"PropertyValueSpecification","valueRequired":true,"valueName":"search_term_string"}}],"inLanguage":"en-US"}]}},"_links":{"self":[{"href":"https:\/\/www.agullovilaro.es\/en\/wp-json\/wp\/v2\/pages\/2894","targetHints":{"allow":["GET"]}}],"collection":[{"href":"https:\/\/www.agullovilaro.es\/en\/wp-json\/wp\/v2\/pages"}],"about":[{"href":"https:\/\/www.agullovilaro.es\/en\/wp-json\/wp\/v2\/types\/page"}],"author":[{"embeddable":true,"href":"https:\/\/www.agullovilaro.es\/en\/wp-json\/wp\/v2\/users\/7"}],"replies":[{"embeddable":true,"href":"https:\/\/www.agullovilaro.es\/en\/wp-json\/wp\/v2\/comments?post=2894"}],"version-history":[{"count":4,"href":"https:\/\/www.agullovilaro.es\/en\/wp-json\/wp\/v2\/pages\/2894\/revisions"}],"predecessor-version":[{"id":3237,"href":"https:\/\/www.agullovilaro.es\/en\/wp-json\/wp\/v2\/pages\/2894\/revisions\/3237"}],"wp:attachment":[{"href":"https:\/\/www.agullovilaro.es\/en\/wp-json\/wp\/v2\/media?parent=2894"}],"curies":[{"name":"wp","href":"https:\/\/api.w.org\/{rel}","templated":true}]}}