{"id":2903,"date":"2015-10-15T11:34:56","date_gmt":"2015-10-15T11:34:56","guid":{"rendered":"https:\/\/agullovilaro.es\/en\/implantes\/"},"modified":"2015-10-27T13:54:53","modified_gmt":"2015-10-27T13:54:53","slug":"implantes","status":"publish","type":"page","link":"https:\/\/www.agullovilaro.es\/en\/implantes\/","title":{"rendered":"Implants"},"content":{"rendered":"[vc_row type=&#8221;full_width_background&#8221; bg_color=&#8221;#ffffff&#8221; scene_position=&#8221;center&#8221; text_color=&#8221;dark&#8221; text_align=&#8221;left&#8221; top_padding=&#8221;30&#8243; bottom_padding=&#8221;40&#8243;][vc_column column_padding=&#8221;no-extra-padding&#8221; column_padding_position=&#8221;all&#8221; background_color_opacity=&#8221;1&#8243; background_hover_color_opacity=&#8221;1&#8243; width=&#8221;2\/3&#8243;][vc_column_text]Dental implants are add-ons, such as artificial roots, created to substitute absent or lost teeth, which support them as a base that you can feel exactly as your own.<\/p>\n<p>&nbsp;<\/p>\n<p><img fetchpriority=\"high\" decoding=\"async\" class=\"aligncenter wp-image-179 size-large\" src=\"https:\/\/www.agullovilaro.es\/wp-content\/uploads\/2015\/10\/Implantes-1-1140x649.jpg\" alt=\"Implantes 1\" width=\"500\" height=\"285\" \/><\/p>\n<p>&nbsp;<\/p>\n<p>Nowadays, a chemical modification of pure titanium\u00a0 is usually used for oral implants, acting as artificial roots. After their placement in the maxilla or upper jaw, once they are osseointegrated, they will support new artificial teeth, joined to them. These implants provide a strong foundation for fixed teeth, without using adjacent teeth. Therefore, they help to restore the mouth functionally, aesthetically, with high quality and accuracy. These implants do also help us to get a better anchoring in case of movable dental prosthetics, which will help the patient to feel the comfort and safety that fixed prosthetics provide.<\/p>\n<p>&nbsp;<\/p>\n<p><img decoding=\"async\" class=\"aligncenter wp-image-288 size-medium\" src=\"https:\/\/www.agullovilaro.es\/wp-content\/uploads\/2015\/10\/Implantes-1-720x480.jpg\" alt=\"Implantes \" width=\"720\" height=\"480\" \/><\/p>\n<p>&nbsp;<\/p>\n<p>&nbsp;<\/p>\n<p>This treatment, made with osseo integrated dental implants, requires high-complexity technical procedures, and therefore must be accurately planned, and its study should be done in several visits, with the following aims:<\/p>\n<ol>\n<li>Give the patient information about implants, or about the different kind of dental prosthetics that may be used, depending on the case.<\/li>\n<li>Help the patient to choose the perfect moment to apply the treatment, as some phases of the treatment may involve some changes in the patient\u2019s life.<\/li>\n<li>Make an individual evaluation of the patient\u2019s dental and general health, to detect any risk or contraindication that the treatment may involve.<\/li>\n<\/ol>\n<blockquote><p><strong>Is the treatment painful?<\/strong><\/p><\/blockquote>\n<p>No, it is not, as it is always performed with local anesthesia and, sometimes, with sedation or general anesthesia<\/p>\n<p><img decoding=\"async\" class=\" size-large wp-image-180 aligncenter\" src=\"https:\/\/www.agullovilaro.es\/wp-content\/uploads\/2015\/10\/Implantes-2-1013x760.jpg\" alt=\"Dental implant\" width=\"500\" height=\"375\" \/><\/p>\n<p>&nbsp;<\/p>\n<p>The treatment is performed with local anesthesia in most cases, to minimize potential discomfort, but, if necessary, our implant team will improve your well-being with relaxing medication, or with techniques of conscious sedation.<\/p>\n<p>&nbsp;<\/p>\n<p><img loading=\"lazy\" decoding=\"async\" class=\"aligncenter size-medium wp-image-289\" src=\"https:\/\/www.agullovilaro.es\/wp-content\/uploads\/2015\/10\/Implantes-2-720x293.jpg\" alt=\"Implantes 2\" width=\"720\" height=\"293\" \/>[\/vc_column_text][\/vc_column][vc_column column_padding=&#8221;no-extra-padding&#8221; column_padding_position=&#8221;all&#8221; background_color_opacity=&#8221;1&#8243; background_hover_color_opacity=&#8221;1&#8243; width=&#8221;1\/3&#8243;][vc_widget_sidebar title=&#8221;Otros tratamientos&#8221; sidebar_id=&#8221;footer-area-1&#8243;][\/vc_column][\/vc_row]\n","protected":false},"excerpt":{"rendered":"<p>[vc_row type=&#8221;full_width_background&#8221; bg_color=&#8221;#ffffff&#8221; scene_position=&#8221;center&#8221; text_color=&#8221;dark&#8221; text_align=&#8221;left&#8221; top_padding=&#8221;30&#8243; bottom_padding=&#8221;40&#8243;][vc_column column_padding=&#8221;no-extra-padding&#8221; column_padding_position=&#8221;all&#8221; background_color_opacity=&#8221;1&#8243; background_hover_color_opacity=&#8221;1&#8243; width=&#8221;2\/3&#8243;][vc_column_text]Dental implants are add-ons, such as artificial roots, created to substitute absent or lost teeth, which support them&#8230;<\/p>\n","protected":false},"author":7,"featured_media":0,"parent":0,"menu_order":0,"comment_status":"closed","ping_status":"closed","template":"","meta":{"footnotes":""},"class_list":["post-2903","page","type-page","status-publish"],"yoast_head":"<!-- This site is optimized with the Yoast SEO plugin v26.6 - https:\/\/yoast.com\/wordpress\/plugins\/seo\/ -->\n<title>Implants - AGULL\u00d3 Y VILAR\u00d3 DENTAL CLINIC<\/title>\n<meta name=\"description\" content=\"Implants - AGULL\u00d3 Y VILAR\u00d3 DENTAL CLINIC\" \/>\n<meta name=\"robots\" content=\"index, follow, max-snippet:-1, max-image-preview:large, max-video-preview:-1\" \/>\n<link rel=\"canonical\" href=\"https:\/\/www.agullovilaro.es\/en\/implantes\/\" \/>\n<meta property=\"og:locale\" content=\"en_US\" \/>\n<meta property=\"og:type\" content=\"article\" \/>\n<meta property=\"og:title\" content=\"Implants - AGULL\u00d3 Y VILAR\u00d3 DENTAL CLINIC\" \/>\n<meta property=\"og:description\" content=\"Implants - AGULL\u00d3 Y VILAR\u00d3 DENTAL CLINIC\" \/>\n<meta property=\"og:url\" content=\"https:\/\/www.agullovilaro.es\/en\/implantes\/\" \/>\n<meta property=\"og:site_name\" content=\"Cl\u00ednica Odontol\u00f3gica Agull\u00f3 y Vilar\u00f3\" \/>\n<meta property=\"article:modified_time\" content=\"2015-10-27T13:54:53+00:00\" \/>\n<meta property=\"og:image\" content=\"https:\/\/www.agullovilaro.es\/wp-content\/uploads\/2015\/10\/Implantes-1-1140x649.jpg\" \/>\n<meta name=\"twitter:card\" content=\"summary_large_image\" \/>\n<meta name=\"twitter:label1\" content=\"Est. reading time\" \/>\n\t<meta name=\"twitter:data1\" content=\"2 minutes\" \/>\n<script type=\"application\/ld+json\" class=\"yoast-schema-graph\">{\"@context\":\"https:\/\/schema.org\",\"@graph\":[{\"@type\":\"WebPage\",\"@id\":\"https:\/\/www.agullovilaro.es\/en\/implantes\/\",\"url\":\"https:\/\/www.agullovilaro.es\/en\/implantes\/\",\"name\":\"Implants - AGULL\u00d3 Y VILAR\u00d3 DENTAL CLINIC\",\"isPartOf\":{\"@id\":\"https:\/\/www.agullovilaro.es\/#website\"},\"primaryImageOfPage\":{\"@id\":\"https:\/\/www.agullovilaro.es\/en\/implantes\/#primaryimage\"},\"image\":{\"@id\":\"https:\/\/www.agullovilaro.es\/en\/implantes\/#primaryimage\"},\"thumbnailUrl\":\"https:\/\/www.agullovilaro.es\/wp-content\/uploads\/2015\/10\/Implantes-1-1140x649.jpg\",\"datePublished\":\"2015-10-15T11:34:56+00:00\",\"dateModified\":\"2015-10-27T13:54:53+00:00\",\"description\":\"Implants - AGULL\u00d3 Y VILAR\u00d3 DENTAL CLINIC\",\"breadcrumb\":{\"@id\":\"https:\/\/www.agullovilaro.es\/en\/implantes\/#breadcrumb\"},\"inLanguage\":\"en-US\",\"potentialAction\":[{\"@type\":\"ReadAction\",\"target\":[\"https:\/\/www.agullovilaro.es\/en\/implantes\/\"]}]},{\"@type\":\"ImageObject\",\"inLanguage\":\"en-US\",\"@id\":\"https:\/\/www.agullovilaro.es\/en\/implantes\/#primaryimage\",\"url\":\"https:\/\/www.agullovilaro.es\/wp-content\/uploads\/2015\/10\/Implantes-1-1140x649.jpg\",\"contentUrl\":\"https:\/\/www.agullovilaro.es\/wp-content\/uploads\/2015\/10\/Implantes-1-1140x649.jpg\"},{\"@type\":\"BreadcrumbList\",\"@id\":\"https:\/\/www.agullovilaro.es\/en\/implantes\/#breadcrumb\",\"itemListElement\":[{\"@type\":\"ListItem\",\"position\":1,\"name\":\"Portada\",\"item\":\"https:\/\/www.agullovilaro.es\/en\/\"},{\"@type\":\"ListItem\",\"position\":2,\"name\":\"Implants\"}]},{\"@type\":\"WebSite\",\"@id\":\"https:\/\/www.agullovilaro.es\/#website\",\"url\":\"https:\/\/www.agullovilaro.es\/\",\"name\":\"Cl\u00ednica Odontol\u00f3gica Agull\u00f3 y Vilar\u00f3\",\"description\":\"\",\"potentialAction\":[{\"@type\":\"SearchAction\",\"target\":{\"@type\":\"EntryPoint\",\"urlTemplate\":\"https:\/\/www.agullovilaro.es\/?s={search_term_string}\"},\"query-input\":{\"@type\":\"PropertyValueSpecification\",\"valueRequired\":true,\"valueName\":\"search_term_string\"}}],\"inLanguage\":\"en-US\"}]}<\/script>\n<!-- \/ Yoast SEO plugin. -->","yoast_head_json":{"title":"Implants - AGULL\u00d3 Y VILAR\u00d3 DENTAL CLINIC","description":"Implants - AGULL\u00d3 Y VILAR\u00d3 DENTAL CLINIC","robots":{"index":"index","follow":"follow","max-snippet":"max-snippet:-1","max-image-preview":"max-image-preview:large","max-video-preview":"max-video-preview:-1"},"canonical":"https:\/\/www.agullovilaro.es\/en\/implantes\/","og_locale":"en_US","og_type":"article","og_title":"Implants - AGULL\u00d3 Y VILAR\u00d3 DENTAL CLINIC","og_description":"Implants - AGULL\u00d3 Y VILAR\u00d3 DENTAL CLINIC","og_url":"https:\/\/www.agullovilaro.es\/en\/implantes\/","og_site_name":"Cl\u00ednica Odontol\u00f3gica Agull\u00f3 y Vilar\u00f3","article_modified_time":"2015-10-27T13:54:53+00:00","og_image":[{"url":"https:\/\/www.agullovilaro.es\/wp-content\/uploads\/2015\/10\/Implantes-1-1140x649.jpg","type":"","width":"","height":""}],"twitter_card":"summary_large_image","twitter_misc":{"Est. reading time":"2 minutes"},"schema":{"@context":"https:\/\/schema.org","@graph":[{"@type":"WebPage","@id":"https:\/\/www.agullovilaro.es\/en\/implantes\/","url":"https:\/\/www.agullovilaro.es\/en\/implantes\/","name":"Implants - AGULL\u00d3 Y VILAR\u00d3 DENTAL CLINIC","isPartOf":{"@id":"https:\/\/www.agullovilaro.es\/#website"},"primaryImageOfPage":{"@id":"https:\/\/www.agullovilaro.es\/en\/implantes\/#primaryimage"},"image":{"@id":"https:\/\/www.agullovilaro.es\/en\/implantes\/#primaryimage"},"thumbnailUrl":"https:\/\/www.agullovilaro.es\/wp-content\/uploads\/2015\/10\/Implantes-1-1140x649.jpg","datePublished":"2015-10-15T11:34:56+00:00","dateModified":"2015-10-27T13:54:53+00:00","description":"Implants - AGULL\u00d3 Y VILAR\u00d3 DENTAL CLINIC","breadcrumb":{"@id":"https:\/\/www.agullovilaro.es\/en\/implantes\/#breadcrumb"},"inLanguage":"en-US","potentialAction":[{"@type":"ReadAction","target":["https:\/\/www.agullovilaro.es\/en\/implantes\/"]}]},{"@type":"ImageObject","inLanguage":"en-US","@id":"https:\/\/www.agullovilaro.es\/en\/implantes\/#primaryimage","url":"https:\/\/www.agullovilaro.es\/wp-content\/uploads\/2015\/10\/Implantes-1-1140x649.jpg","contentUrl":"https:\/\/www.agullovilaro.es\/wp-content\/uploads\/2015\/10\/Implantes-1-1140x649.jpg"},{"@type":"BreadcrumbList","@id":"https:\/\/www.agullovilaro.es\/en\/implantes\/#breadcrumb","itemListElement":[{"@type":"ListItem","position":1,"name":"Portada","item":"https:\/\/www.agullovilaro.es\/en\/"},{"@type":"ListItem","position":2,"name":"Implants"}]},{"@type":"WebSite","@id":"https:\/\/www.agullovilaro.es\/#website","url":"https:\/\/www.agullovilaro.es\/","name":"Cl\u00ednica Odontol\u00f3gica Agull\u00f3 y Vilar\u00f3","description":"","potentialAction":[{"@type":"SearchAction","target":{"@type":"EntryPoint","urlTemplate":"https:\/\/www.agullovilaro.es\/?s={search_term_string}"},"query-input":{"@type":"PropertyValueSpecification","valueRequired":true,"valueName":"search_term_string"}}],"inLanguage":"en-US"}]}},"_links":{"self":[{"href":"https:\/\/www.agullovilaro.es\/en\/wp-json\/wp\/v2\/pages\/2903","targetHints":{"allow":["GET"]}}],"collection":[{"href":"https:\/\/www.agullovilaro.es\/en\/wp-json\/wp\/v2\/pages"}],"about":[{"href":"https:\/\/www.agullovilaro.es\/en\/wp-json\/wp\/v2\/types\/page"}],"author":[{"embeddable":true,"href":"https:\/\/www.agullovilaro.es\/en\/wp-json\/wp\/v2\/users\/7"}],"replies":[{"embeddable":true,"href":"https:\/\/www.agullovilaro.es\/en\/wp-json\/wp\/v2\/comments?post=2903"}],"version-history":[{"count":2,"href":"https:\/\/www.agullovilaro.es\/en\/wp-json\/wp\/v2\/pages\/2903\/revisions"}],"predecessor-version":[{"id":2905,"href":"https:\/\/www.agullovilaro.es\/en\/wp-json\/wp\/v2\/pages\/2903\/revisions\/2905"}],"wp:attachment":[{"href":"https:\/\/www.agullovilaro.es\/en\/wp-json\/wp\/v2\/media?parent=2903"}],"curies":[{"name":"wp","href":"https:\/\/api.w.org\/{rel}","templated":true}]}}