{"id":2994,"date":"2015-10-15T11:11:22","date_gmt":"2015-10-15T11:11:22","guid":{"rendered":"https:\/\/agullovilaro.es\/en\/melania-canizares-torres\/"},"modified":"2015-10-30T18:28:48","modified_gmt":"2015-10-30T18:28:48","slug":"melania-canizares-torres","status":"publish","type":"page","link":"https:\/\/www.agullovilaro.es\/en\/melania-canizares-torres\/","title":{"rendered":"Melania Ca\u00f1izares Torres"},"content":{"rendered":"[vc_row type=&#8221;full_width_background&#8221; bg_color=&#8221;#ffffff&#8221; scene_position=&#8221;center&#8221; text_color=&#8221;dark&#8221; text_align=&#8221;left&#8221; top_padding=&#8221;0&#8243; bottom_padding=&#8221;0&#8243;][vc_column column_padding=&#8221;padding-4-percent&#8221; column_padding_position=&#8221;all&#8221; background_color=&#8221;#ffffff&#8221; background_color_opacity=&#8221;1&#8243; background_hover_color_opacity=&#8221;1&#8243; width=&#8221;1\/3&#8243;][image_with_animation image_url=&#8221;2715&#8243; alignment=&#8221;center&#8221; animation=&#8221;Fade In&#8221;][\/vc_column][vc_column column_padding=&#8221;no-extra-padding&#8221; column_padding_position=&#8221;all&#8221; background_color=&#8221;#ffffff&#8221; background_color_opacity=&#8221;1&#8243; background_hover_color_opacity=&#8221;1&#8243; width=&#8221;2\/3&#8243;][vc_row_inner][vc_column_inner enable_animation=&#8221;true&#8221; animation=&#8221;flip-in&#8221; column_padding=&#8221;padding-5-percent&#8221; column_padding_position=&#8221;all&#8221; background_color_opacity=&#8221;1&#8243; width=&#8221;1\/1&#8243;][vc_column_text]\n<h2 class=\"weight-700 kill-top-margin\">Melania Ca\u00f1izares Torres<\/h2>\n<ul>\n<li>Title of Nurse Assistant at Magallanes High School (2003-2005)<\/li>\n<li>Instrumental Basic Life Support (Management of servics for health and safety in the Canary Islands) 2009<\/li>\n<li>Good knowledge of IT, in particular MS Office applications<\/li>\n<\/ul>\n[\/vc_column_text][\/vc_column_inner][\/vc_row_inner][\/vc_column][\/vc_row]\n","protected":false},"excerpt":{"rendered":"<p>[vc_row type=&#8221;full_width_background&#8221; bg_color=&#8221;#ffffff&#8221; scene_position=&#8221;center&#8221; text_color=&#8221;dark&#8221; text_align=&#8221;left&#8221; top_padding=&#8221;0&#8243; bottom_padding=&#8221;0&#8243;][vc_column column_padding=&#8221;padding-4-percent&#8221; column_padding_position=&#8221;all&#8221; background_color=&#8221;#ffffff&#8221; background_color_opacity=&#8221;1&#8243; background_hover_color_opacity=&#8221;1&#8243; width=&#8221;1\/3&#8243;][image_with_animation image_url=&#8221;2715&#8243; alignment=&#8221;center&#8221; animation=&#8221;Fade In&#8221;][\/vc_column][vc_column column_padding=&#8221;no-extra-padding&#8221; column_padding_position=&#8221;all&#8221; background_color=&#8221;#ffffff&#8221; background_color_opacity=&#8221;1&#8243; background_hover_color_opacity=&#8221;1&#8243; width=&#8221;2\/3&#8243;][vc_row_inner][vc_column_inner enable_animation=&#8221;true&#8221; animation=&#8221;flip-in&#8221; column_padding=&#8221;padding-5-percent&#8221; column_padding_position=&#8221;all&#8221; background_color_opacity=&#8221;1&#8243; width=&#8221;1\/1&#8243;][vc_column_text]&#8230;<\/p>\n","protected":false},"author":7,"featured_media":0,"parent":0,"menu_order":0,"comment_status":"closed","ping_status":"closed","template":"","meta":{"footnotes":""},"class_list":["post-2994","page","type-page","status-publish"],"yoast_head":"<!-- This site is optimized with the Yoast SEO plugin v26.6 - https:\/\/yoast.com\/wordpress\/plugins\/seo\/ -->\n<title>Melania Ca\u00f1izares Torres - Cl\u00ednica Odontol\u00f3gica Agull\u00f3 y Villar\u00f3<\/title>\n<meta name=\"description\" content=\"Melania Ca\u00f1izares Torres - Cl\u00ednica Odontol\u00f3gica Agull\u00f3 y Villar\u00f3\" \/>\n<meta name=\"robots\" content=\"index, follow, max-snippet:-1, max-image-preview:large, max-video-preview:-1\" \/>\n<link rel=\"canonical\" href=\"https:\/\/www.agullovilaro.es\/en\/melania-canizares-torres\/\" \/>\n<meta property=\"og:locale\" content=\"en_US\" \/>\n<meta property=\"og:type\" content=\"article\" \/>\n<meta property=\"og:title\" content=\"Melania Ca\u00f1izares Torres - Cl\u00ednica Odontol\u00f3gica Agull\u00f3 y Villar\u00f3\" \/>\n<meta property=\"og:description\" content=\"Melania Ca\u00f1izares Torres - Cl\u00ednica Odontol\u00f3gica Agull\u00f3 y Villar\u00f3\" \/>\n<meta property=\"og:url\" content=\"https:\/\/www.agullovilaro.es\/en\/melania-canizares-torres\/\" \/>\n<meta property=\"og:site_name\" content=\"Cl\u00ednica Odontol\u00f3gica Agull\u00f3 y Vilar\u00f3\" \/>\n<meta property=\"article:modified_time\" content=\"2015-10-30T18:28:48+00:00\" \/>\n<meta name=\"twitter:card\" content=\"summary_large_image\" \/>\n<meta name=\"twitter:label1\" content=\"Est. reading time\" \/>\n\t<meta name=\"twitter:data1\" content=\"1 minute\" \/>\n<script type=\"application\/ld+json\" class=\"yoast-schema-graph\">{\"@context\":\"https:\/\/schema.org\",\"@graph\":[{\"@type\":\"WebPage\",\"@id\":\"https:\/\/www.agullovilaro.es\/en\/melania-canizares-torres\/\",\"url\":\"https:\/\/www.agullovilaro.es\/en\/melania-canizares-torres\/\",\"name\":\"Melania Ca\u00f1izares Torres - Cl\u00ednica Odontol\u00f3gica Agull\u00f3 y Villar\u00f3\",\"isPartOf\":{\"@id\":\"https:\/\/www.agullovilaro.es\/#website\"},\"datePublished\":\"2015-10-15T11:11:22+00:00\",\"dateModified\":\"2015-10-30T18:28:48+00:00\",\"description\":\"Melania Ca\u00f1izares Torres - Cl\u00ednica Odontol\u00f3gica Agull\u00f3 y Villar\u00f3\",\"breadcrumb\":{\"@id\":\"https:\/\/www.agullovilaro.es\/en\/melania-canizares-torres\/#breadcrumb\"},\"inLanguage\":\"en-US\",\"potentialAction\":[{\"@type\":\"ReadAction\",\"target\":[\"https:\/\/www.agullovilaro.es\/en\/melania-canizares-torres\/\"]}]},{\"@type\":\"BreadcrumbList\",\"@id\":\"https:\/\/www.agullovilaro.es\/en\/melania-canizares-torres\/#breadcrumb\",\"itemListElement\":[{\"@type\":\"ListItem\",\"position\":1,\"name\":\"Portada\",\"item\":\"https:\/\/www.agullovilaro.es\/en\/\"},{\"@type\":\"ListItem\",\"position\":2,\"name\":\"Melania Ca\u00f1izares Torres\"}]},{\"@type\":\"WebSite\",\"@id\":\"https:\/\/www.agullovilaro.es\/#website\",\"url\":\"https:\/\/www.agullovilaro.es\/\",\"name\":\"Cl\u00ednica Odontol\u00f3gica Agull\u00f3 y Vilar\u00f3\",\"description\":\"\",\"potentialAction\":[{\"@type\":\"SearchAction\",\"target\":{\"@type\":\"EntryPoint\",\"urlTemplate\":\"https:\/\/www.agullovilaro.es\/?s={search_term_string}\"},\"query-input\":{\"@type\":\"PropertyValueSpecification\",\"valueRequired\":true,\"valueName\":\"search_term_string\"}}],\"inLanguage\":\"en-US\"}]}<\/script>\n<!-- \/ Yoast SEO plugin. -->","yoast_head_json":{"title":"Melania Ca\u00f1izares Torres - Cl\u00ednica Odontol\u00f3gica Agull\u00f3 y Villar\u00f3","description":"Melania Ca\u00f1izares Torres - Cl\u00ednica Odontol\u00f3gica Agull\u00f3 y Villar\u00f3","robots":{"index":"index","follow":"follow","max-snippet":"max-snippet:-1","max-image-preview":"max-image-preview:large","max-video-preview":"max-video-preview:-1"},"canonical":"https:\/\/www.agullovilaro.es\/en\/melania-canizares-torres\/","og_locale":"en_US","og_type":"article","og_title":"Melania Ca\u00f1izares Torres - Cl\u00ednica Odontol\u00f3gica Agull\u00f3 y Villar\u00f3","og_description":"Melania Ca\u00f1izares Torres - Cl\u00ednica Odontol\u00f3gica Agull\u00f3 y Villar\u00f3","og_url":"https:\/\/www.agullovilaro.es\/en\/melania-canizares-torres\/","og_site_name":"Cl\u00ednica Odontol\u00f3gica Agull\u00f3 y Vilar\u00f3","article_modified_time":"2015-10-30T18:28:48+00:00","twitter_card":"summary_large_image","twitter_misc":{"Est. reading time":"1 minute"},"schema":{"@context":"https:\/\/schema.org","@graph":[{"@type":"WebPage","@id":"https:\/\/www.agullovilaro.es\/en\/melania-canizares-torres\/","url":"https:\/\/www.agullovilaro.es\/en\/melania-canizares-torres\/","name":"Melania Ca\u00f1izares Torres - Cl\u00ednica Odontol\u00f3gica Agull\u00f3 y Villar\u00f3","isPartOf":{"@id":"https:\/\/www.agullovilaro.es\/#website"},"datePublished":"2015-10-15T11:11:22+00:00","dateModified":"2015-10-30T18:28:48+00:00","description":"Melania Ca\u00f1izares Torres - Cl\u00ednica Odontol\u00f3gica Agull\u00f3 y Villar\u00f3","breadcrumb":{"@id":"https:\/\/www.agullovilaro.es\/en\/melania-canizares-torres\/#breadcrumb"},"inLanguage":"en-US","potentialAction":[{"@type":"ReadAction","target":["https:\/\/www.agullovilaro.es\/en\/melania-canizares-torres\/"]}]},{"@type":"BreadcrumbList","@id":"https:\/\/www.agullovilaro.es\/en\/melania-canizares-torres\/#breadcrumb","itemListElement":[{"@type":"ListItem","position":1,"name":"Portada","item":"https:\/\/www.agullovilaro.es\/en\/"},{"@type":"ListItem","position":2,"name":"Melania Ca\u00f1izares Torres"}]},{"@type":"WebSite","@id":"https:\/\/www.agullovilaro.es\/#website","url":"https:\/\/www.agullovilaro.es\/","name":"Cl\u00ednica Odontol\u00f3gica Agull\u00f3 y Vilar\u00f3","description":"","potentialAction":[{"@type":"SearchAction","target":{"@type":"EntryPoint","urlTemplate":"https:\/\/www.agullovilaro.es\/?s={search_term_string}"},"query-input":{"@type":"PropertyValueSpecification","valueRequired":true,"valueName":"search_term_string"}}],"inLanguage":"en-US"}]}},"_links":{"self":[{"href":"https:\/\/www.agullovilaro.es\/en\/wp-json\/wp\/v2\/pages\/2994","targetHints":{"allow":["GET"]}}],"collection":[{"href":"https:\/\/www.agullovilaro.es\/en\/wp-json\/wp\/v2\/pages"}],"about":[{"href":"https:\/\/www.agullovilaro.es\/en\/wp-json\/wp\/v2\/types\/page"}],"author":[{"embeddable":true,"href":"https:\/\/www.agullovilaro.es\/en\/wp-json\/wp\/v2\/users\/7"}],"replies":[{"embeddable":true,"href":"https:\/\/www.agullovilaro.es\/en\/wp-json\/wp\/v2\/comments?post=2994"}],"version-history":[{"count":1,"href":"https:\/\/www.agullovilaro.es\/en\/wp-json\/wp\/v2\/pages\/2994\/revisions"}],"predecessor-version":[{"id":2995,"href":"https:\/\/www.agullovilaro.es\/en\/wp-json\/wp\/v2\/pages\/2994\/revisions\/2995"}],"wp:attachment":[{"href":"https:\/\/www.agullovilaro.es\/en\/wp-json\/wp\/v2\/media?parent=2994"}],"curies":[{"name":"wp","href":"https:\/\/api.w.org\/{rel}","templated":true}]}}