{"id":3161,"date":"2016-04-01T14:20:11","date_gmt":"2016-04-01T14:20:11","guid":{"rendered":"https:\/\/agullovilaro.es\/en\/?page_id=3161"},"modified":"2016-04-01T14:20:11","modified_gmt":"2016-04-01T14:20:11","slug":"yessica-gonzalez-herrera","status":"publish","type":"page","link":"https:\/\/www.agullovilaro.es\/en\/yessica-gonzalez-herrera\/","title":{"rendered":"Yessica Gonz\u00e1lez Herrera"},"content":{"rendered":"[vc_row type=&#8221;in_container&#8221; scene_position=&#8221;center&#8221; text_color=&#8221;dark&#8221; text_align=&#8221;left&#8221;][vc_column column_padding=&#8221;no-extra-padding&#8221; column_padding_position=&#8221;all&#8221; background_color_opacity=&#8221;1&#8243; background_hover_color_opacity=&#8221;1&#8243; width=&#8221;1\/3&#8243;][image_with_animation image_url=&#8221;3177&#8243; alignment=&#8221;&#8221; animation=&#8221;Fade In&#8221;][\/vc_column][vc_column column_padding=&#8221;no-extra-padding&#8221; column_padding_position=&#8221;all&#8221; background_color_opacity=&#8221;1&#8243; background_hover_color_opacity=&#8221;1&#8243; width=&#8221;2\/3&#8243;][vc_column_text]\n<h2><strong>Yessica Gonz\u00e1lez Herrera<\/strong><\/h2>\n<ul>\n<li>Administrative onClisur S.A (Hospiten Sur)<\/li>\n<li>Early Childhood Education Assistant course<\/li>\n<\/ul>\n[\/vc_column_text][\/vc_column][\/vc_row]\n","protected":false},"excerpt":{"rendered":"<p>[vc_row type=&#8221;in_container&#8221; scene_position=&#8221;center&#8221; text_color=&#8221;dark&#8221; text_align=&#8221;left&#8221;][vc_column column_padding=&#8221;no-extra-padding&#8221; column_padding_position=&#8221;all&#8221; background_color_opacity=&#8221;1&#8243; background_hover_color_opacity=&#8221;1&#8243; width=&#8221;1\/3&#8243;][image_with_animation image_url=&#8221;3177&#8243; alignment=&#8221;&#8221; animation=&#8221;Fade In&#8221;][\/vc_column][vc_column column_padding=&#8221;no-extra-padding&#8221; column_padding_position=&#8221;all&#8221; background_color_opacity=&#8221;1&#8243; background_hover_color_opacity=&#8221;1&#8243; width=&#8221;2\/3&#8243;][vc_column_text] Yessica Gonz\u00e1lez Herrera Administrative onClisur S.A (Hospiten Sur) Early Childhood Education&#8230;<\/p>\n","protected":false},"author":7,"featured_media":3177,"parent":0,"menu_order":0,"comment_status":"closed","ping_status":"closed","template":"","meta":{"footnotes":""},"class_list":["post-3161","page","type-page","status-publish","has-post-thumbnail"],"yoast_head":"<!-- This site is optimized with the Yoast SEO plugin v26.6 - https:\/\/yoast.com\/wordpress\/plugins\/seo\/ -->\n<title>Yessica Gonz\u00e1lez Herrera - Cl\u00ednica Odontol\u00f3gica Agull\u00f3 y Vilar\u00f3<\/title>\n<meta name=\"robots\" content=\"index, follow, max-snippet:-1, max-image-preview:large, max-video-preview:-1\" \/>\n<link rel=\"canonical\" href=\"https:\/\/www.agullovilaro.es\/en\/yessica-gonzalez-herrera\/\" \/>\n<meta property=\"og:locale\" content=\"en_US\" \/>\n<meta property=\"og:type\" content=\"article\" \/>\n<meta property=\"og:title\" content=\"Yessica Gonz\u00e1lez Herrera - Cl\u00ednica Odontol\u00f3gica Agull\u00f3 y Vilar\u00f3\" \/>\n<meta property=\"og:description\" content=\"[vc_row type=&#8221;in_container&#8221; scene_position=&#8221;center&#8221; text_color=&#8221;dark&#8221; text_align=&#8221;left&#8221;][vc_column column_padding=&#8221;no-extra-padding&#8221; column_padding_position=&#8221;all&#8221; background_color_opacity=&#8221;1&#8243; background_hover_color_opacity=&#8221;1&#8243; width=&#8221;1\/3&#8243;][image_with_animation image_url=&#8221;3177&#8243; alignment=&#8221;&#8221; animation=&#8221;Fade In&#8221;][\/vc_column][vc_column column_padding=&#8221;no-extra-padding&#8221; column_padding_position=&#8221;all&#8221; background_color_opacity=&#8221;1&#8243; background_hover_color_opacity=&#8221;1&#8243; width=&#8221;2\/3&#8243;][vc_column_text] Yessica Gonz\u00e1lez Herrera Administrative onClisur S.A (Hospiten Sur) Early Childhood Education...\" \/>\n<meta property=\"og:url\" content=\"https:\/\/www.agullovilaro.es\/en\/yessica-gonzalez-herrera\/\" \/>\n<meta property=\"og:site_name\" content=\"Cl\u00ednica Odontol\u00f3gica Agull\u00f3 y Vilar\u00f3\" \/>\n<meta property=\"og:image\" content=\"https:\/\/www.agullovilaro.es\/wp-content\/uploads\/2016\/04\/Yessica-Gonza\u0301lez-Herrera.jpg\" \/>\n\t<meta property=\"og:image:width\" content=\"795\" \/>\n\t<meta property=\"og:image:height\" content=\"1200\" \/>\n\t<meta property=\"og:image:type\" content=\"image\/jpeg\" \/>\n<meta name=\"twitter:card\" content=\"summary_large_image\" \/>\n<script type=\"application\/ld+json\" class=\"yoast-schema-graph\">{\"@context\":\"https:\/\/schema.org\",\"@graph\":[{\"@type\":\"WebPage\",\"@id\":\"https:\/\/www.agullovilaro.es\/en\/yessica-gonzalez-herrera\/\",\"url\":\"https:\/\/www.agullovilaro.es\/en\/yessica-gonzalez-herrera\/\",\"name\":\"Yessica Gonz\u00e1lez Herrera - Cl\u00ednica Odontol\u00f3gica Agull\u00f3 y Vilar\u00f3\",\"isPartOf\":{\"@id\":\"https:\/\/www.agullovilaro.es\/#website\"},\"primaryImageOfPage\":{\"@id\":\"https:\/\/www.agullovilaro.es\/en\/yessica-gonzalez-herrera\/#primaryimage\"},\"image\":{\"@id\":\"https:\/\/www.agullovilaro.es\/en\/yessica-gonzalez-herrera\/#primaryimage\"},\"thumbnailUrl\":\"https:\/\/www.agullovilaro.es\/wp-content\/uploads\/2016\/04\/Yessica-Gonza\u0301lez-Herrera.jpg\",\"datePublished\":\"2016-04-01T14:20:11+00:00\",\"breadcrumb\":{\"@id\":\"https:\/\/www.agullovilaro.es\/en\/yessica-gonzalez-herrera\/#breadcrumb\"},\"inLanguage\":\"en-US\",\"potentialAction\":[{\"@type\":\"ReadAction\",\"target\":[\"https:\/\/www.agullovilaro.es\/en\/yessica-gonzalez-herrera\/\"]}]},{\"@type\":\"ImageObject\",\"inLanguage\":\"en-US\",\"@id\":\"https:\/\/www.agullovilaro.es\/en\/yessica-gonzalez-herrera\/#primaryimage\",\"url\":\"https:\/\/www.agullovilaro.es\/wp-content\/uploads\/2016\/04\/Yessica-Gonza\u0301lez-Herrera.jpg\",\"contentUrl\":\"https:\/\/www.agullovilaro.es\/wp-content\/uploads\/2016\/04\/Yessica-Gonza\u0301lez-Herrera.jpg\",\"width\":795,\"height\":1200},{\"@type\":\"BreadcrumbList\",\"@id\":\"https:\/\/www.agullovilaro.es\/en\/yessica-gonzalez-herrera\/#breadcrumb\",\"itemListElement\":[{\"@type\":\"ListItem\",\"position\":1,\"name\":\"Portada\",\"item\":\"https:\/\/www.agullovilaro.es\/en\/\"},{\"@type\":\"ListItem\",\"position\":2,\"name\":\"Yessica Gonz\u00e1lez Herrera\"}]},{\"@type\":\"WebSite\",\"@id\":\"https:\/\/www.agullovilaro.es\/#website\",\"url\":\"https:\/\/www.agullovilaro.es\/\",\"name\":\"Cl\u00ednica Odontol\u00f3gica Agull\u00f3 y Vilar\u00f3\",\"description\":\"\",\"potentialAction\":[{\"@type\":\"SearchAction\",\"target\":{\"@type\":\"EntryPoint\",\"urlTemplate\":\"https:\/\/www.agullovilaro.es\/?s={search_term_string}\"},\"query-input\":{\"@type\":\"PropertyValueSpecification\",\"valueRequired\":true,\"valueName\":\"search_term_string\"}}],\"inLanguage\":\"en-US\"}]}<\/script>\n<!-- \/ Yoast SEO plugin. -->","yoast_head_json":{"title":"Yessica Gonz\u00e1lez Herrera - Cl\u00ednica Odontol\u00f3gica Agull\u00f3 y Vilar\u00f3","robots":{"index":"index","follow":"follow","max-snippet":"max-snippet:-1","max-image-preview":"max-image-preview:large","max-video-preview":"max-video-preview:-1"},"canonical":"https:\/\/www.agullovilaro.es\/en\/yessica-gonzalez-herrera\/","og_locale":"en_US","og_type":"article","og_title":"Yessica Gonz\u00e1lez Herrera - Cl\u00ednica Odontol\u00f3gica Agull\u00f3 y Vilar\u00f3","og_description":"[vc_row type=&#8221;in_container&#8221; scene_position=&#8221;center&#8221; text_color=&#8221;dark&#8221; text_align=&#8221;left&#8221;][vc_column column_padding=&#8221;no-extra-padding&#8221; column_padding_position=&#8221;all&#8221; background_color_opacity=&#8221;1&#8243; background_hover_color_opacity=&#8221;1&#8243; width=&#8221;1\/3&#8243;][image_with_animation image_url=&#8221;3177&#8243; alignment=&#8221;&#8221; animation=&#8221;Fade In&#8221;][\/vc_column][vc_column column_padding=&#8221;no-extra-padding&#8221; column_padding_position=&#8221;all&#8221; background_color_opacity=&#8221;1&#8243; background_hover_color_opacity=&#8221;1&#8243; width=&#8221;2\/3&#8243;][vc_column_text] Yessica Gonz\u00e1lez Herrera Administrative onClisur S.A (Hospiten Sur) Early Childhood Education...","og_url":"https:\/\/www.agullovilaro.es\/en\/yessica-gonzalez-herrera\/","og_site_name":"Cl\u00ednica Odontol\u00f3gica Agull\u00f3 y Vilar\u00f3","og_image":[{"width":795,"height":1200,"url":"https:\/\/www.agullovilaro.es\/wp-content\/uploads\/2016\/04\/Yessica-Gonza\u0301lez-Herrera.jpg","type":"image\/jpeg"}],"twitter_card":"summary_large_image","schema":{"@context":"https:\/\/schema.org","@graph":[{"@type":"WebPage","@id":"https:\/\/www.agullovilaro.es\/en\/yessica-gonzalez-herrera\/","url":"https:\/\/www.agullovilaro.es\/en\/yessica-gonzalez-herrera\/","name":"Yessica Gonz\u00e1lez Herrera - Cl\u00ednica Odontol\u00f3gica Agull\u00f3 y Vilar\u00f3","isPartOf":{"@id":"https:\/\/www.agullovilaro.es\/#website"},"primaryImageOfPage":{"@id":"https:\/\/www.agullovilaro.es\/en\/yessica-gonzalez-herrera\/#primaryimage"},"image":{"@id":"https:\/\/www.agullovilaro.es\/en\/yessica-gonzalez-herrera\/#primaryimage"},"thumbnailUrl":"https:\/\/www.agullovilaro.es\/wp-content\/uploads\/2016\/04\/Yessica-Gonza\u0301lez-Herrera.jpg","datePublished":"2016-04-01T14:20:11+00:00","breadcrumb":{"@id":"https:\/\/www.agullovilaro.es\/en\/yessica-gonzalez-herrera\/#breadcrumb"},"inLanguage":"en-US","potentialAction":[{"@type":"ReadAction","target":["https:\/\/www.agullovilaro.es\/en\/yessica-gonzalez-herrera\/"]}]},{"@type":"ImageObject","inLanguage":"en-US","@id":"https:\/\/www.agullovilaro.es\/en\/yessica-gonzalez-herrera\/#primaryimage","url":"https:\/\/www.agullovilaro.es\/wp-content\/uploads\/2016\/04\/Yessica-Gonza\u0301lez-Herrera.jpg","contentUrl":"https:\/\/www.agullovilaro.es\/wp-content\/uploads\/2016\/04\/Yessica-Gonza\u0301lez-Herrera.jpg","width":795,"height":1200},{"@type":"BreadcrumbList","@id":"https:\/\/www.agullovilaro.es\/en\/yessica-gonzalez-herrera\/#breadcrumb","itemListElement":[{"@type":"ListItem","position":1,"name":"Portada","item":"https:\/\/www.agullovilaro.es\/en\/"},{"@type":"ListItem","position":2,"name":"Yessica Gonz\u00e1lez Herrera"}]},{"@type":"WebSite","@id":"https:\/\/www.agullovilaro.es\/#website","url":"https:\/\/www.agullovilaro.es\/","name":"Cl\u00ednica Odontol\u00f3gica Agull\u00f3 y Vilar\u00f3","description":"","potentialAction":[{"@type":"SearchAction","target":{"@type":"EntryPoint","urlTemplate":"https:\/\/www.agullovilaro.es\/?s={search_term_string}"},"query-input":{"@type":"PropertyValueSpecification","valueRequired":true,"valueName":"search_term_string"}}],"inLanguage":"en-US"}]}},"_links":{"self":[{"href":"https:\/\/www.agullovilaro.es\/en\/wp-json\/wp\/v2\/pages\/3161","targetHints":{"allow":["GET"]}}],"collection":[{"href":"https:\/\/www.agullovilaro.es\/en\/wp-json\/wp\/v2\/pages"}],"about":[{"href":"https:\/\/www.agullovilaro.es\/en\/wp-json\/wp\/v2\/types\/page"}],"author":[{"embeddable":true,"href":"https:\/\/www.agullovilaro.es\/en\/wp-json\/wp\/v2\/users\/7"}],"replies":[{"embeddable":true,"href":"https:\/\/www.agullovilaro.es\/en\/wp-json\/wp\/v2\/comments?post=3161"}],"version-history":[{"count":2,"href":"https:\/\/www.agullovilaro.es\/en\/wp-json\/wp\/v2\/pages\/3161\/revisions"}],"predecessor-version":[{"id":3181,"href":"https:\/\/www.agullovilaro.es\/en\/wp-json\/wp\/v2\/pages\/3161\/revisions\/3181"}],"wp:featuredmedia":[{"embeddable":true,"href":"https:\/\/www.agullovilaro.es\/en\/wp-json\/wp\/v2\/media\/3177"}],"wp:attachment":[{"href":"https:\/\/www.agullovilaro.es\/en\/wp-json\/wp\/v2\/media?parent=3161"}],"curies":[{"name":"wp","href":"https:\/\/api.w.org\/{rel}","templated":true}]}}