{"id":4038,"date":"2019-06-06T15:42:08","date_gmt":"2019-06-06T15:42:08","guid":{"rendered":"https:\/\/agullovilaro.es\/?page_id=4038"},"modified":"2019-06-06T15:42:08","modified_gmt":"2019-06-06T15:42:08","slug":"politica-de-privacidad","status":"publish","type":"page","link":"https:\/\/www.agullovilaro.es\/en\/politica-de-privacidad\/","title":{"rendered":"Pol\u00edtica de privacidad"},"content":{"rendered":"[vc_row type=&#8221;in_container&#8221; full_screen_row_position=&#8221;middle&#8221; scene_position=&#8221;center&#8221; text_color=&#8221;dark&#8221; text_align=&#8221;left&#8221; top_padding=&#8221;2%&#8221; overlay_strength=&#8221;0.3&#8243; shape_divider_position=&#8221;bottom&#8221; bg_image_animation=&#8221;none&#8221; shape_type=&#8221;&#8221;][vc_column column_padding=&#8221;no-extra-padding&#8221; column_padding_position=&#8221;all&#8221; background_color_opacity=&#8221;1&#8243; background_hover_color_opacity=&#8221;1&#8243; column_link_target=&#8221;_self&#8221; column_shadow=&#8221;none&#8221; column_border_radius=&#8221;none&#8221; width=&#8221;1\/1&#8243; tablet_width_inherit=&#8221;default&#8221; tablet_text_alignment=&#8221;default&#8221; phone_text_alignment=&#8221;default&#8221; column_border_width=&#8221;none&#8221; column_border_style=&#8221;solid&#8221; bg_image_animation=&#8221;none&#8221;][vc_column_text]INFORMACI\u00d3N B\u00c1SICA DE PROTECCI\u00d3N DE DATOS<\/p>\n<p>Responsable CLINICA DENTAL AGULLO Y VILAR\u00d3, S.L.<br \/>\nFinalidad Atender las solicitudes realizadas a trav\u00e9s de la web, gestionar el env\u00edo de informaci\u00f3n.<br \/>\nLegitimaci\u00f3n Consentimiento del interesado y ejecuci\u00f3n de un precontrato\/ contrato + info<br \/>\nDestinatarios No se ceder\u00e1n datos a terceros salvo obligaci\u00f3n legal o en el supuesto que sea necesario para atender su solicitud<br \/>\nDerechos Podr\u00e1 ejercer los derechos de acceso, rectificaci\u00f3n, supresi\u00f3n y oposici\u00f3n, limitaci\u00f3n del tratamiento, portabilidad de datos y a no ser objeto de decisiones individualizadas automatizadas.<br \/>\nInformaci\u00f3n adicional Puede consultar la informaci\u00f3n adicional sobre protecci\u00f3n de Datos en nuestra web.<\/p>\n<p>CLINICA DENTAL AGULLO Y VILAR\u00d3, S.L., en adelante, se compromete a cumplir la legislaci\u00f3n vigente en cada momento en materia de tratamiento de datos de car\u00e1cter personal. Mediante la siguiente pol\u00edtica de privacidad CLINICA DENTAL AGULLO Y VILAR\u00d3, S.L., de conformidad con los requisitos previstos en el RGPD informa a los usuarios de:<\/p>\n<p>1. \u00bfQUI\u00c9N ES EL RESPONSABLE DEL TRATAMIENTO DE SUS DATOS?<\/p>\n<p>El responsable del tratamiento de sus datos es CLINICA DENTAL AGULLO Y VILAR\u00d3, S.L.:<\/p>\n<p>Identidad CLINICA DENTAL AGULLO Y VILAR\u00d3, S.L. &#8211; B38489340<\/p>\n<ul>\n<li>Direcci\u00f3n Calle Viera Y Clavijo 5 Edf Claralba, 38670 &#8211; Adeje<\/li>\n<li>Tel\u00e9fono 922710579<\/li>\n<li>Web www.agullovilaro.es<\/li>\n<li>Correo-e recepcion1@agullovilaro.es<\/li>\n<\/ul>\n<p>CLINICA DENTAL AGULLO Y VILAR\u00d3, S.L. informa al usuario que los datos que nos facilite a trav\u00e9s de la navegaci\u00f3n por nuestra web, el formulario de contacto o en el env\u00edo de correos electr\u00f3nicos, van a ser tratados por CLINICA DENTAL AGULLO Y VILAR\u00d3, S.L. y que dicho tratamiento se encuentra recogido en el Registro de Actividades de tratamiento gestionado por CLINICA DENTAL AGULLO Y VILAR\u00d3, S.L. conforme a lo establecido en el RGPD.<\/p>\n<p>2. \u00bfPARA QU\u00c9 SE UTILIZAN SUS DATOS PERSONALES?<\/p>\n<p>En www.agullovilaro.es cuando el usuario acepta nuestra pol\u00edtica de privacidad nos autoriza a utilizar y tratar los datos personales suministrados para:<\/p>\n<ul>\n<li>Remitirle la informaci\u00f3n y prestarle el servicio que soliciten mediante los diversos formularios disponibles en nuestra web.<\/li>\n<li>Facilitarle informaci\u00f3n sobre las ofertas, productos y servicios solicitados.<\/li>\n<li>Ocasionalmente, CLINICA DENTAL AGULLO Y VILAR\u00d3, S.L. podr\u00e1 utilizar sus datos de car\u00e1cter personal para enviarle notificaciones por medio de correo electr\u00f3nico. Dichas notificaciones se har\u00e1n para informar sobre las modificaciones en nuestros servicios o productos o en nuestras pol\u00edticas condiciones legales.<\/li>\n<li>Remitirle comunicaciones comerciales sobre ofertas, actividades y promociones de CLINICA DENTAL AGULLO Y VILAR\u00d3, S.L. y del sector de que pudieran ser de su inter\u00e9s por medios convencionales o electr\u00f3nicos cuando haya marcado la casilla de que desea recibir informaci\u00f3n.<\/li>\n<\/ul>\n<p>www.agullovilaro.es tambi\u00e9n recoge informaci\u00f3n de los usuarios de la web no facilitada directamente por ellos mediante cookies y dispositivos DARD. Los datos recogidos a trav\u00e9s de las cookies y otros dispositivos ser\u00e1n utilizados para estudios estad\u00edsticos y an\u00e1lisis de perfiles con la finalidad de prestar un mejor servicio a trav\u00e9s de nuestra web, para lo que se utilizar\u00e1 la aplicaci\u00f3n GOOGLE ANALYTICS, que es una herramienta de Google para ayudar a analizar a los propietarios de los sitios web el modo en que sus visitantes interact\u00faan con sus propiedades. Puede obtener m\u00e1s informaci\u00f3n de su pol\u00edtica de privacidad en <a href=\"https:\/\/www.google.es\/intl\/es_ALL\/analytics\/learn\/privacy.html\">https:\/\/www.google.es\/intl\/es_ALL\/analytics\/learn\/privacy.html<\/a> La herramienta que utilizamos para la publicidad y prospecci\u00f3n comercial que realizamos es GOOGLE ADWORDS. Podr\u00e1 obtener m\u00e1s informaci\u00f3n sobre la pol\u00edtica de privacidad en <a href=\"https:\/\/policies.google.com\/privacy?hl=es\">https:\/\/policies.google.com\/privacy?hl=es<\/a><\/p>\n<p>Google, incluidas todas sus herramientas, cumplen con el marco EU-US Privacy Shield Framework, de conformidad con lo establecido por el Departamento de Comercio de los Estados Unidos en lo que respecta a la recogida, utilizaci\u00f3n y conservaci\u00f3n de la informaci\u00f3n personal de pa\u00edses miembros de la Uni\u00f3n Europea.<\/p>\n<p>www.agullovilaro.es procurar\u00e1 en todo momento establecer mecanismos adecuados para obtener el consentimiento del Usuario para la instalaci\u00f3n de cookies que lo requieran. Cuando un usuario accede a nuestra web aparece un pop-up en el que se informa de la existencia de cookies y de que si contin\u00faa navegando por nuestra p\u00e1gina presta su consentimiento para la instalaci\u00f3n de cookies. La aceptaci\u00f3n de la instalaci\u00f3n de las cookies conlleva la aceptaci\u00f3n de la conservaci\u00f3n de la direcci\u00f3n IP en los registros de www.agullovilaro.es, junto con la fecha de aceptaci\u00f3n, por el plazo de un a\u00f1o, con la finalidad de demostrar el consentimiento prestado. Puede obtener m\u00e1s informaci\u00f3n en nuestra \u201cPol\u00edtica de Cookies\u201d.<\/p>\n<p>3. \u00bfCUAL ES LA LEGITIMACI\u00d3N PARA EL TRATAMIENTO DE SUS DATOS?<\/p>\n<p>La legitimaci\u00f3n para el tratamiento de sus datos por parte de CLINICA DENTAL AGULLO Y VILAR\u00d3, S.L. se basa en:<\/p>\n<ul>\n<li>En la ejecuci\u00f3n de un precontrato\/contrato para remitirle la informaci\u00f3n y prestarle el servicio solicitado no siendo posible su realizaci\u00f3n en caso contrario.<\/li>\n<li>En el consentimiento del usuario para el env\u00edo de comunicaciones comerciales de las ofertas, actividades y promociones de CLINICA DENTAL AGULLO Y VILAR\u00d3, S.L. y del sector de que pudieran ser de su inter\u00e9s. El usuario puede revocar en cualquier momento el consentimiento prestado.<\/li>\n<\/ul>\n<p>4. \u00bfPOR CU\u00c1NTO TIEMPO CONSERVAMOS SUS DATOS?<\/p>\n<p>Los datos para remitirle la informaci\u00f3n o prestarle el servicio que soliciten mediante los diversos formularios disponibles en nuestra web ser\u00e1n conservados durante el tiempo que la relaci\u00f3n contractual se encuentre vigente, y una vez finalizada durante el plazo de prescripci\u00f3n legales.<\/p>\n<p>Los datos tratados para remitir comunicaciones comerciales sobre ofertas, actividades y promociones de CLINICA DENTAL AGULLO Y VILAR\u00d3, S.L. y del sector de que pudieran ser de su inter\u00e9s, ser\u00e1n conservados en tanto en cuanto el usuario no revoque el consentimiento prestado.<\/p>\n<p>La direcci\u00f3n IP obtenida a trav\u00e9s de las cookies tendr\u00e1 un plazo de conservaci\u00f3n de un a\u00f1o, con la finalidad de demostrar el consentimiento del usuario.<\/p>\n<p>En cuanto al plazo de conservaci\u00f3n de las cookies, puede obtener m\u00e1s informaci\u00f3n en nuestra web en el apartado \u201cPol\u00edtica de cookies\u201d<\/p>\n<p>5. \u00bfQU\u00c9 TIPO DE DATOS TRATAMOS DE NUESTROS USUARIOS?<\/p>\n<p>CLINICA DENTAL AGULLO Y VILAR\u00d3, S.L. trata las siguientes categor\u00edas de datos:<\/p>\n<p>a) Datos de los usuarios que rellenan cualquiera de los formularios disponibles: Los datos personales que CLINICA DENTAL AGULLO Y VILAR\u00d3, S.L. solicita incluyen:<\/p>\n<ul>\n<li>Datos identificativos: nombre y apellidos, tel\u00e9fono, direcci\u00f3n postal y electr\u00f3nica<\/li>\n<li>Datos relativos a la solicitud<\/li>\n<\/ul>\n<p>b) Datos de los usuarios que navegan por nuestra web: Datos proporcionados por las cookies y por Google Analytics.<\/p>\n<p>S\u00f3lo los mayores de 16 a\u00f1os pueden facilitar datos a trav\u00e9s de nuestra web. Si eres menor de esta edad deber\u00e1s contar con el consentimiento de tus padres o tutores legales.<br \/>\nEl Usuario garantiza la autenticidad y actualidad de todos aquellos datos que comunique a CLINICA DENTAL AGULLO Y VILAR\u00d3, S.L. y declara que es mayor de 16 a\u00f1os, y ser\u00e1 el \u00fanico responsable de las manifestaciones falsas o inexactas que realice.<\/p>\n<p>Los datos de car\u00e1cter personal tratados por CLINICA DENTAL AGULLO Y VILAR\u00d3, S.L. pueden ser obligatorios o voluntarios.<\/p>\n<p>La informaci\u00f3n voluntaria es aquella que el usuario no est\u00e1 obligado a facilitar para contactar con nosotros.<\/p>\n<p>Los campos marcados con un asterisco (*) o con la palabra (requerido) en nuestros formularios son de cumplimentaci\u00f3n obligatoria, la negativa a suministrarlos supondr\u00e1 la imposibilidad de prestarle el servicio o atender su solicitud.<\/p>\n<p>En el caso que nos facilites datos de terceros, manifiestas contar con el consentimiento de los mismos y te comprometes a trasladarle la informaci\u00f3n que te facilitamos en esta cl\u00e1usula, eximiendo a CLINICA DENTAL AGULLO Y VILAR\u00d3, S.L. de cualquier tipo de obligaci\u00f3n. No obstante CLINICA DENTAL AGULLO Y VILAR\u00d3, S.L. podr\u00e1 llevar a cabo verificaciones para constatar que el tercero ha sido informado adoptando las medidas de diligencia establecidas en la normativa de protecci\u00f3n de datos.<\/p>\n<p>6. \u00bfA QU\u00c9 DESTINATARIOS SE COMUNICAR\u00c1N SUS DATOS?<\/p>\n<p>No se ceder\u00e1n datos a terceros salvo obligaci\u00f3n legal o en el supuesto que sea necesario para atender su solicitud.<\/p>\n<p>7. \u00bfQU\u00c9 DERECHOS LE ASISTEN Y C\u00d3MO PUEDE EJERCITARLOS?<\/p>\n<p>El usuario puede ejercer los siguiente derechos ante CLINICA DENTAL AGULLO Y VILAR\u00d3, S.L.:<\/p>\n<p>a) Acceder a sus datos personales<br \/>\nb) Rectificarlos cuando son inexactos o incompletos<br \/>\nc) Solicitar la supresi\u00f3n o cancelaci\u00f3n de los datos cuando, entre otros motivos hayan dejado de ser necesarios para los fines para los que fueron recogidos<br \/>\nd) Oponerse a su tratamiento<br \/>\ne) Pedir la limitaci\u00f3n del tratamiento de sus datos cuando se den alguna de las condiciones previstas en la normativa<br \/>\nf) Solicitar la portabilidad de sus datos en los casos previstos en la normativa<br \/>\ng) Impedir ser objeto de decisiones automatizadas<br \/>\nh) Revocar los consentimientos otorgados<br \/>\nEl usuario para ejercer sus derechos, deber\u00e1 enviar un escrito en el que indique el derecho que desea ejercitar y acompa\u00f1ar documento acreditativo de su identidad y direcci\u00f3n postal o electr\u00f3nica a efectos de notificaci\u00f3n. Esta solicitud puede realizarla, bien mediante correo postal a: CLINICA DENTAL AGULLO Y VILAR\u00d3, S.L. Calle Viera Y Clavijo 5 Edf Claralba, 38670 &#8211; Adeje, o bien en la siguiente direcci\u00f3n de correo-e:recepcion1@agullovilaro.es.<br \/>\nCLINICA DENTAL AGULLO Y VILAR\u00d3, S.L. deber\u00e1 contestar la solicitud del ejercicio de derechos en el plazo de un mes a partir de la recepci\u00f3n de la solicitud. Dicho plazo podr\u00e1 prorrogarse otros dos meses en caso necesario, teniendo en cuenta la complejidad y el n\u00famero de solicitudes. Le informaremos de cualquier pr\u00f3rroga en el plazo de un mes a partir de la recepci\u00f3n de la solicitud indicando los motivos de la dilaci\u00f3n.<\/p>\n<p>Asimismo, los interesados tienen derecho a reclamar ante la Autoridad de Control competente (Agencia Espa\u00f1ola de Protecci\u00f3n de Datos) cuando consideren que CLINICA DENTAL AGULLO Y VILAR\u00d3, S.L. ha vulnerado los derechos que la normativa de protecci\u00f3n de datos les reconoce en www.aepd.es<\/p>\n<p>8. \u00bfEST\u00c1N SEGUROS MIS DATOS?<\/p>\n<p>CLINICA DENTAL AGULLO Y VILAR\u00d3, S.L. tiene vigente un contrato con la empresa de Hosting CDMon para el alojamiento de su p\u00e1gina web. Es una empresa europea y dispone de los \u00faltimos sistemas en medidas de seguridad.<\/p>\n<p>CLINICA DENTAL AGULLO Y VILAR\u00d3, S.L. garantiza la adopci\u00f3n de las medidas oportunas para asegurar el tratamiento confidencial de sus datos habida cuenta del car\u00e1cter reservado de los mismos.<\/p>\n<p>CLINICA DENTAL AGULLO Y VILAR\u00d3, S.L. se compromete a que dichos datos permanezcan secretos, trat\u00e1ndolos con la m\u00e1xima reserva, y declara tener implantadas en su sistema de informaci\u00f3n, las pol\u00edticas de seguridad correspondientes al tipo de datos manejados conforme a lo dispuesto en el REGLAMENTO (UE) 2016\/679 DEL PARLAMENTO EUROPEO Y DEL CONSEJO de 27 de abril de 2016 relativo a la protecci\u00f3n de las personas f\u00edsicas en lo que respecta al tratamiento de datos personales y a la libre circulaci\u00f3n de estos datos (RGPD).<\/p>\n<p>9. ENLACES A OTROS SITIOS WEB<\/p>\n<p>Si opta por abandonar nuestro sitio Web a trav\u00e9s de enlaces a otros sitios Web no pertenecientes a nuestra entidad, CLINICA DENTAL AGULLO Y VILAR\u00d3, S.L. no se har\u00e1 responsable de las pol\u00edticas de privacidad de dichos sitios Web ni de las cookies que estos puedan almacenar en el ordenador del usuario.[\/vc_column_text][\/vc_column][\/vc_row]\n","protected":false},"excerpt":{"rendered":"<p>[vc_row type=&#8221;in_container&#8221; full_screen_row_position=&#8221;middle&#8221; scene_position=&#8221;center&#8221; text_color=&#8221;dark&#8221; text_align=&#8221;left&#8221; top_padding=&#8221;2%&#8221; overlay_strength=&#8221;0.3&#8243; shape_divider_position=&#8221;bottom&#8221; bg_image_animation=&#8221;none&#8221; shape_type=&#8221;&#8221;][vc_column column_padding=&#8221;no-extra-padding&#8221; column_padding_position=&#8221;all&#8221; background_color_opacity=&#8221;1&#8243; background_hover_color_opacity=&#8221;1&#8243; column_link_target=&#8221;_self&#8221; column_shadow=&#8221;none&#8221; column_border_radius=&#8221;none&#8221; width=&#8221;1\/1&#8243; tablet_width_inherit=&#8221;default&#8221; tablet_text_alignment=&#8221;default&#8221; phone_text_alignment=&#8221;default&#8221; column_border_width=&#8221;none&#8221; column_border_style=&#8221;solid&#8221; bg_image_animation=&#8221;none&#8221;][vc_column_text]INFORMACI\u00d3N B\u00c1SICA DE PROTECCI\u00d3N DE DATOS&#8230;<\/p>\n","protected":false},"author":7,"featured_media":0,"parent":0,"menu_order":0,"comment_status":"closed","ping_status":"closed","template":"","meta":{"footnotes":""},"class_list":["post-4038","page","type-page","status-publish"],"yoast_head":"<!-- This site is optimized with the Yoast SEO plugin v26.6 - https:\/\/yoast.com\/wordpress\/plugins\/seo\/ -->\n<title>Pol\u00edtica de privacidad - Cl\u00ednica Odontol\u00f3gica Agull\u00f3 y Vilar\u00f3<\/title>\n<meta name=\"robots\" content=\"index, follow, max-snippet:-1, max-image-preview:large, max-video-preview:-1\" \/>\n<link rel=\"canonical\" href=\"https:\/\/www.agullovilaro.es\/en\/politica-de-privacidad\/\" \/>\n<meta property=\"og:locale\" content=\"en_US\" \/>\n<meta property=\"og:type\" content=\"article\" \/>\n<meta property=\"og:title\" content=\"Pol\u00edtica de privacidad - Cl\u00ednica Odontol\u00f3gica Agull\u00f3 y Vilar\u00f3\" \/>\n<meta property=\"og:description\" content=\"[vc_row type=&#8221;in_container&#8221; full_screen_row_position=&#8221;middle&#8221; scene_position=&#8221;center&#8221; text_color=&#8221;dark&#8221; text_align=&#8221;left&#8221; top_padding=&#8221;2%&#8221; overlay_strength=&#8221;0.3&#8243; shape_divider_position=&#8221;bottom&#8221; bg_image_animation=&#8221;none&#8221; shape_type=&#8221;&#8221;][vc_column column_padding=&#8221;no-extra-padding&#8221; column_padding_position=&#8221;all&#8221; background_color_opacity=&#8221;1&#8243; background_hover_color_opacity=&#8221;1&#8243; column_link_target=&#8221;_self&#8221; column_shadow=&#8221;none&#8221; column_border_radius=&#8221;none&#8221; width=&#8221;1\/1&#8243; tablet_width_inherit=&#8221;default&#8221; tablet_text_alignment=&#8221;default&#8221; phone_text_alignment=&#8221;default&#8221; column_border_width=&#8221;none&#8221; column_border_style=&#8221;solid&#8221; bg_image_animation=&#8221;none&#8221;][vc_column_text]INFORMACI\u00d3N B\u00c1SICA DE PROTECCI\u00d3N DE DATOS...\" \/>\n<meta property=\"og:url\" content=\"https:\/\/www.agullovilaro.es\/en\/politica-de-privacidad\/\" \/>\n<meta property=\"og:site_name\" content=\"Cl\u00ednica Odontol\u00f3gica Agull\u00f3 y Vilar\u00f3\" \/>\n<meta name=\"twitter:card\" content=\"summary_large_image\" \/>\n<meta name=\"twitter:label1\" content=\"Est. reading time\" \/>\n\t<meta name=\"twitter:data1\" content=\"10 minutes\" \/>\n<script type=\"application\/ld+json\" class=\"yoast-schema-graph\">{\"@context\":\"https:\/\/schema.org\",\"@graph\":[{\"@type\":\"WebPage\",\"@id\":\"https:\/\/www.agullovilaro.es\/en\/politica-de-privacidad\/\",\"url\":\"https:\/\/www.agullovilaro.es\/en\/politica-de-privacidad\/\",\"name\":\"Pol\u00edtica de privacidad - Cl\u00ednica Odontol\u00f3gica Agull\u00f3 y Vilar\u00f3\",\"isPartOf\":{\"@id\":\"https:\/\/www.agullovilaro.es\/#website\"},\"datePublished\":\"2019-06-06T15:42:08+00:00\",\"breadcrumb\":{\"@id\":\"https:\/\/www.agullovilaro.es\/en\/politica-de-privacidad\/#breadcrumb\"},\"inLanguage\":\"en-US\",\"potentialAction\":[{\"@type\":\"ReadAction\",\"target\":[\"https:\/\/www.agullovilaro.es\/en\/politica-de-privacidad\/\"]}]},{\"@type\":\"BreadcrumbList\",\"@id\":\"https:\/\/www.agullovilaro.es\/en\/politica-de-privacidad\/#breadcrumb\",\"itemListElement\":[{\"@type\":\"ListItem\",\"position\":1,\"name\":\"Portada\",\"item\":\"https:\/\/www.agullovilaro.es\/en\/\"},{\"@type\":\"ListItem\",\"position\":2,\"name\":\"Pol\u00edtica de privacidad\"}]},{\"@type\":\"WebSite\",\"@id\":\"https:\/\/www.agullovilaro.es\/#website\",\"url\":\"https:\/\/www.agullovilaro.es\/\",\"name\":\"Cl\u00ednica Odontol\u00f3gica Agull\u00f3 y Vilar\u00f3\",\"description\":\"\",\"potentialAction\":[{\"@type\":\"SearchAction\",\"target\":{\"@type\":\"EntryPoint\",\"urlTemplate\":\"https:\/\/www.agullovilaro.es\/?s={search_term_string}\"},\"query-input\":{\"@type\":\"PropertyValueSpecification\",\"valueRequired\":true,\"valueName\":\"search_term_string\"}}],\"inLanguage\":\"en-US\"}]}<\/script>\n<!-- \/ Yoast SEO plugin. -->","yoast_head_json":{"title":"Pol\u00edtica de privacidad - Cl\u00ednica Odontol\u00f3gica Agull\u00f3 y Vilar\u00f3","robots":{"index":"index","follow":"follow","max-snippet":"max-snippet:-1","max-image-preview":"max-image-preview:large","max-video-preview":"max-video-preview:-1"},"canonical":"https:\/\/www.agullovilaro.es\/en\/politica-de-privacidad\/","og_locale":"en_US","og_type":"article","og_title":"Pol\u00edtica de privacidad - Cl\u00ednica Odontol\u00f3gica Agull\u00f3 y Vilar\u00f3","og_description":"[vc_row type=&#8221;in_container&#8221; full_screen_row_position=&#8221;middle&#8221; scene_position=&#8221;center&#8221; text_color=&#8221;dark&#8221; text_align=&#8221;left&#8221; top_padding=&#8221;2%&#8221; overlay_strength=&#8221;0.3&#8243; shape_divider_position=&#8221;bottom&#8221; bg_image_animation=&#8221;none&#8221; shape_type=&#8221;&#8221;][vc_column column_padding=&#8221;no-extra-padding&#8221; column_padding_position=&#8221;all&#8221; background_color_opacity=&#8221;1&#8243; background_hover_color_opacity=&#8221;1&#8243; column_link_target=&#8221;_self&#8221; column_shadow=&#8221;none&#8221; column_border_radius=&#8221;none&#8221; width=&#8221;1\/1&#8243; tablet_width_inherit=&#8221;default&#8221; tablet_text_alignment=&#8221;default&#8221; phone_text_alignment=&#8221;default&#8221; column_border_width=&#8221;none&#8221; column_border_style=&#8221;solid&#8221; bg_image_animation=&#8221;none&#8221;][vc_column_text]INFORMACI\u00d3N B\u00c1SICA DE PROTECCI\u00d3N DE DATOS...","og_url":"https:\/\/www.agullovilaro.es\/en\/politica-de-privacidad\/","og_site_name":"Cl\u00ednica Odontol\u00f3gica Agull\u00f3 y Vilar\u00f3","twitter_card":"summary_large_image","twitter_misc":{"Est. reading time":"10 minutes"},"schema":{"@context":"https:\/\/schema.org","@graph":[{"@type":"WebPage","@id":"https:\/\/www.agullovilaro.es\/en\/politica-de-privacidad\/","url":"https:\/\/www.agullovilaro.es\/en\/politica-de-privacidad\/","name":"Pol\u00edtica de privacidad - Cl\u00ednica Odontol\u00f3gica Agull\u00f3 y Vilar\u00f3","isPartOf":{"@id":"https:\/\/www.agullovilaro.es\/#website"},"datePublished":"2019-06-06T15:42:08+00:00","breadcrumb":{"@id":"https:\/\/www.agullovilaro.es\/en\/politica-de-privacidad\/#breadcrumb"},"inLanguage":"en-US","potentialAction":[{"@type":"ReadAction","target":["https:\/\/www.agullovilaro.es\/en\/politica-de-privacidad\/"]}]},{"@type":"BreadcrumbList","@id":"https:\/\/www.agullovilaro.es\/en\/politica-de-privacidad\/#breadcrumb","itemListElement":[{"@type":"ListItem","position":1,"name":"Portada","item":"https:\/\/www.agullovilaro.es\/en\/"},{"@type":"ListItem","position":2,"name":"Pol\u00edtica de privacidad"}]},{"@type":"WebSite","@id":"https:\/\/www.agullovilaro.es\/#website","url":"https:\/\/www.agullovilaro.es\/","name":"Cl\u00ednica Odontol\u00f3gica Agull\u00f3 y Vilar\u00f3","description":"","potentialAction":[{"@type":"SearchAction","target":{"@type":"EntryPoint","urlTemplate":"https:\/\/www.agullovilaro.es\/?s={search_term_string}"},"query-input":{"@type":"PropertyValueSpecification","valueRequired":true,"valueName":"search_term_string"}}],"inLanguage":"en-US"}]}},"_links":{"self":[{"href":"https:\/\/www.agullovilaro.es\/en\/wp-json\/wp\/v2\/pages\/4038","targetHints":{"allow":["GET"]}}],"collection":[{"href":"https:\/\/www.agullovilaro.es\/en\/wp-json\/wp\/v2\/pages"}],"about":[{"href":"https:\/\/www.agullovilaro.es\/en\/wp-json\/wp\/v2\/types\/page"}],"author":[{"embeddable":true,"href":"https:\/\/www.agullovilaro.es\/en\/wp-json\/wp\/v2\/users\/7"}],"replies":[{"embeddable":true,"href":"https:\/\/www.agullovilaro.es\/en\/wp-json\/wp\/v2\/comments?post=4038"}],"version-history":[{"count":1,"href":"https:\/\/www.agullovilaro.es\/en\/wp-json\/wp\/v2\/pages\/4038\/revisions"}],"predecessor-version":[{"id":4051,"href":"https:\/\/www.agullovilaro.es\/en\/wp-json\/wp\/v2\/pages\/4038\/revisions\/4051"}],"wp:attachment":[{"href":"https:\/\/www.agullovilaro.es\/en\/wp-json\/wp\/v2\/media?parent=4038"}],"curies":[{"name":"wp","href":"https:\/\/api.w.org\/{rel}","templated":true}]}}