{"id":4041,"date":"2019-06-06T15:41:13","date_gmt":"2019-06-06T15:41:13","guid":{"rendered":"https:\/\/agullovilaro.es\/?page_id=4041"},"modified":"2019-06-06T15:41:13","modified_gmt":"2019-06-06T15:41:13","slug":"politica-de-cookies","status":"publish","type":"page","link":"https:\/\/www.agullovilaro.es\/en\/politica-de-cookies\/","title":{"rendered":"Pol\u00edtica de cookies"},"content":{"rendered":"[vc_row type=&#8221;in_container&#8221; full_screen_row_position=&#8221;middle&#8221; scene_position=&#8221;center&#8221; text_color=&#8221;dark&#8221; text_align=&#8221;left&#8221; top_padding=&#8221;2%&#8221; overlay_strength=&#8221;0.3&#8243; shape_divider_position=&#8221;bottom&#8221; bg_image_animation=&#8221;none&#8221; shape_type=&#8221;&#8221;][vc_column column_padding=&#8221;no-extra-padding&#8221; column_padding_position=&#8221;all&#8221; background_color_opacity=&#8221;1&#8243; background_hover_color_opacity=&#8221;1&#8243; column_link_target=&#8221;_self&#8221; column_shadow=&#8221;none&#8221; column_border_radius=&#8221;none&#8221; width=&#8221;1\/1&#8243; tablet_width_inherit=&#8221;default&#8221; tablet_text_alignment=&#8221;default&#8221; phone_text_alignment=&#8221;default&#8221; column_border_width=&#8221;none&#8221; column_border_style=&#8221;solid&#8221; bg_image_animation=&#8221;none&#8221;][vc_column_text]\n<ol>\n<li><strong>\u00bfQu\u00e9 son las Cookies?<\/strong><\/li>\n<\/ol>\n<p>Una cookie es un archivo de texto que un servidor web puede guardar en el disco duro de tu equipo para almacenar alg\u00fan tipo de informaci\u00f3n sobre ti como usuario. Las cookies se utilizan con diversas finalidades tales como almacenar datos para pr\u00f3ximas visitas, para reconocer al usuario y evitar pedir de nuevo la autentificaci\u00f3n, para saber que paginas visitas, o para guardar tus preferencias en \u00e1reas personalizables&#8230;). Normalmente los sitios web utilizan las cookies para obtener informaci\u00f3n estad\u00edstica sobre sus p\u00e1ginas web, y analizar el comportamiento de sus clientes\/usuarios.<\/p>\n<ol start=\"2\">\n<li><strong>Tipos de cookies<\/strong><\/li>\n<\/ol>\n<p><strong>\u00a0<\/strong>Las cookies pueden clasificarse seg\u00fan los siguientes criterios:<\/p>\n<p>Seg\u00fan <strong>quien instala<\/strong> la cookie \u00e9stas pueden ser:<\/p>\n<p><strong>Cookies propias:<\/strong> Son aqu\u00e9llas que se env\u00edan al equipo terminal del usuario desde un equipo o dominio gestionado por el propio editor y desde el que se presta el servicio solicitado por el usuario.<\/p>\n<p><strong>Cookies de terceros:<\/strong> Son aqu\u00e9llas que se env\u00edan al equipo terminal del usuario bien desde un desde un equipo o dominio gestionado por nosotros o por un tercero, pero la informaci\u00f3n que se recoja las cookies es gestionada por un tercero distinto del titular de la web.<\/p>\n<p>Seg\u00fan su <strong>plazo<\/strong> de conservaci\u00f3n las cookies pueden ser:<\/p>\n<p><strong>Cookies de sesi\u00f3n<\/strong>: Son aquellas que duran el tiempo que el usuario est\u00e1 navegando por la p\u00e1gina Web y se borran cuando finaliza la navegaci\u00f3n.<\/p>\n<p><strong>Cookies persistentes:<\/strong> Quedan almacenadas en el terminal del usuario, por un tiempo m\u00e1s largo, facilitando as\u00ed el control de las preferencias elegidas sin tener que repetir ciertos par\u00e1metros cada vez que se visite el sitio Web.<\/p>\n<p>Seg\u00fan su <strong>finalidad<\/strong> las cookies pueden ser:<\/p>\n<p><strong>Cookies t\u00e9cnicas:<\/strong> Las cookies t\u00e9cnicas son aquellas imprescindibles y estrictamente necesarias para el correcto funcionamiento de un sitio Web y el uso de las diversas opciones y servicios que ofrece. Por ejemplo, las de mantenimiento de sesi\u00f3n, las que permiten utilizar elementos de seguridad, compartir contenido con redes sociales, etc.<\/p>\n<p><strong>Cookies de personalizaci\u00f3n:<\/strong> Permiten al usuario escoger o personalizar caracter\u00edsticas de la p\u00e1gina Web como el idioma, configuraci\u00f3n regional o tipo de navegador.<\/p>\n<p><strong>Cookies anal\u00edticas:<\/strong> Son las utilizadas por los portales Web, para elaborar perfiles de navegaci\u00f3n y poder conocer las preferencias de los usuarios con el fin de mejorar la oferta de productos y servicios. Permiten controlar \u00e1reas geogr\u00e1ficas de mayor inter\u00e9s de un usuario, la informaci\u00f3n de la web de m\u00e1s aceptaci\u00f3n, etc.<\/p>\n<p><strong>Cookies publicitarias \/ de publicidad:<\/strong> Permiten la gesti\u00f3n de los espacios publicitarios en base a criterios concretos. Por ejemplo, la frecuencia de acceso, el contenido editado, etc. Las cookies de publicidad permiten a trav\u00e9s de la gesti\u00f3n de la publicidad almacenar informaci\u00f3n del comportamiento a trav\u00e9s de la observaci\u00f3n de h\u00e1bitos, estudiando los accesos y formando un perfil de preferencias del usuario, para ofrecerle publicidad relacionada con los intereses de su perfil.<\/p>\n<ol start=\"3\">\n<li><strong>Cookies utilizadas en nuestra web<\/strong><\/li>\n<\/ol>\n<p>www.agullovilaro.es utiliza los siguientes tipos de cookies en la web:<\/p>\n<p><strong>Cookies t\u00e9cnicas<\/strong><\/p>\n<p>Permiten al usuario navegar por la Web y usar funcionalidades como el carrito de la compra.<\/p>\n<p><strong>Cookies de personalizaci\u00f3n<\/strong><\/p>\n<p>Permiten saber las preferencias del usuario: idioma, productos visitados..<\/p>\n<p><strong>Cookies de an\u00e1lisis<\/strong><\/p>\n<p>Utilizamos cookies de Google Analytics y Smartlook para cuantificar el n\u00famero de usuarios que visitan la Web. Estas cookies permiten medir y analizar la forma en que los usuarios navegan por la Web. Esta informaci\u00f3n permite a CLINICA DENTAL AGULLO Y VILAR\u00d3, S.L. mejorar continuamente sus servicios y la experiencia de los usuarios de la Web. Para obtener m\u00e1s informaci\u00f3n, puedes consultar la p\u00e1gina de privacidad de Google Analytics: <a href=\"https:\/\/developers.google.com\/analytics\/devguides\/collection\/analyticsjs\/cookie-usage\">https:\/\/developers.google.com\/analytics\/devguides\/collection\/analyticsjs\/cookie-usage<\/a>.<\/p>\n<p><strong>Cookies publicitarias y publicitarias comportamentales<\/strong><\/p>\n<p>Estas cookies son utilizadas para mostrar anuncios relevantes para los usuarios en funci\u00f3n del uso que realicen de nuestra web. Adem\u00e1s, limitan el n\u00famero de veces que cada usuario visualiza un anuncio y ayudan a CLINICA DENTAL AGULLO Y VILAR\u00d3, S.L. a medir la efectividad de sus campa\u00f1as publicitarias. Al navegar por la Web, el usuario acepta instalemos este tipo de cookies en su dispositivo y realicemos consultas cuando el usuario visite la Web de CLINICA DENTAL AGULLO Y VILAR\u00d3, S.L. en el futuro.<\/p>\n<p><strong>\u00a0<\/strong><strong>Cookies instaladas en nuestro dominio web: <\/strong><\/p>\n<table width=\"547\">\n<thead>\n<tr>\n<td width=\"181\">Nombre de la cookie<\/td>\n<td width=\"117\">Finalidad<\/td>\n<td width=\"74\">Propia\/ de terceros<\/td>\n<td width=\"93\">Duraci\u00f3n<\/td>\n<td width=\"71\">\u00bfCuando se instala?<\/td>\n<\/tr>\n<\/thead>\n<tbody>\n<tr>\n<td width=\"181\">Cookie de sesi\u00f3n<\/td>\n<td width=\"117\">T\u00e9cnica<\/td>\n<td width=\"74\">Propia<\/td>\n<td width=\"93\">De sesi\u00f3n<\/td>\n<td width=\"71\">Cuando se accede al sitio Web<\/td>\n<\/tr>\n<tr>\n<td width=\"181\">viewed_cookie_policy<\/td>\n<td width=\"117\">Registrar la aceptaci\u00f3n de la pol\u00edtica de cookies<\/td>\n<td width=\"74\">Propia<\/td>\n<td width=\"93\">1 a\u00f1o<\/td>\n<td width=\"71\">Cuando se acepta la pol\u00edtica de cookies<\/td>\n<\/tr>\n<tr>\n<td width=\"181\">_ga<\/td>\n<td width=\"117\">Cookie anal\u00edtica de GOOGLE Analytics que se usa para distinguir a los usuarios<\/td>\n<td width=\"74\">Terceros<\/td>\n<td width=\"93\">Persistente<\/p>\n<p>2 a\u00f1os<\/td>\n<td width=\"71\">Cuando se accede al sitio Web<\/td>\n<\/tr>\n<tr>\n<td width=\"181\">_gid<\/td>\n<td width=\"117\">Cookie anal\u00edtica de GOOGLE Analytics que se usa para distinguir a los usuarios<\/td>\n<td width=\"74\">Terceros<\/td>\n<td width=\"93\">Persistente<\/p>\n<p>24 horas<\/td>\n<td width=\"71\">Cuando se accede al sitio Web<\/td>\n<\/tr>\n<tr>\n<td width=\"181\">_gat<\/td>\n<td width=\"117\">Cookie anal\u00edtica de GOOGLE Analytics que se usa para limitar el porcentaje de solicitudes<\/td>\n<td width=\"74\">Terceros<\/td>\n<td width=\"93\">&nbsp;<\/p>\n<p>1 minuto<\/td>\n<td width=\"71\">Cuando se accede al sitio Web<\/td>\n<\/tr>\n<\/tbody>\n<\/table>\n<p>Esta web, como la mayor\u00eda de sitios web, incluye funcionalidades proporcionadas por terceros.<\/p>\n<p>Nuestra web es una web viva y se pueden incluir nuevos dise\u00f1os o servicios de terceros. Esto puede modificar ocasionalmente la configuraci\u00f3n de cookies y que aparezcan cookies no detalladas de forma pormenorizada en la presente pol\u00edtica.<\/p>\n<p><strong>Las cookies de terceros utilizadas en nuestra web instaladas por dominios de terceros son las siguientes:<\/strong><\/p>\n<table width=\"534\">\n<thead>\n<tr>\n<td width=\"110\">Titular<\/td>\n<td width=\"102\">Nombre<\/td>\n<td width=\"64\">\u00bfCuando se instala?<\/td>\n<td width=\"107\">Descripci\u00f3n<\/td>\n<td width=\"55\">Duraci\u00f3n<\/td>\n<td width=\"82\">M\u00e1s informaci\u00f3n<\/td>\n<\/tr>\n<\/thead>\n<tbody>\n<tr>\n<td width=\"110\">google.com\/es<\/td>\n<td width=\"102\">NID<\/td>\n<td width=\"64\">Al navegar por la web<\/td>\n<td width=\"107\">Servicio de mapas provisto por Google. Las cookies de Google Maps registran el origen del usuario y permite recuento de cuantas veces visita el sitio un usuario. Son cookies t\u00e9cnicas y de personalizaci\u00f3n.<\/td>\n<td width=\"55\">Depende de las pol\u00edticas de google<\/td>\n<td width=\"82\"><a href=\"https:\/\/policies.google.com\/technologies\/types\">Pulse aqu\u00ed<\/a><\/td>\n<\/tr>\n<tr>\n<td width=\"110\">google.com\/es<\/td>\n<td width=\"102\">1P_JAR<\/p>\n<p>APISID<\/p>\n<p>NID<\/p>\n<p>HSID<\/p>\n<p>SAPISID<\/p>\n<p>SID<\/p>\n<p>SIDCC<\/p>\n<p>SSID<\/p>\n<p>ULE<\/p>\n<p>DV<\/p>\n<p>CONSENT<\/td>\n<td width=\"64\">Cuando se navega por la web<\/td>\n<td width=\"107\">Cookies almacenadas en el ordenador del usuario con el fin de permanecer conectado a su cuenta de Google al visitar sus servicios de nuevo. Mientras permanezca con esta sesi\u00f3n activa y use complementos en otros sitios Web como el nuestro, Google har\u00e1 uso de estas cookies para mejorar su experiencia de uso. Las finalidades de las cookies son variadas: gesti\u00f3n de preferencias,\u00a0 an\u00e1lisis del comportamiento de los usuarios, seguridad, identificaci\u00f3n de los usuarios\u2026<\/td>\n<td width=\"55\">La duraci\u00f3n depende del tipo de cookie instalada: De los 10 minutos a los 20 a\u00f1os<\/td>\n<td width=\"82\">Las cookies de Google escapan a nuestro control. Para consultar la pol\u00edtica de cookies de Google <a href=\"https:\/\/policies.google.com\/technologies\/types\">Pulse aqu\u00ed<\/a><\/td>\n<\/tr>\n<\/tbody>\n<\/table>\n<p>Nuestro sitio no controla las\u00a0<em>cookies<\/em>\u00a0utilizadas por estos terceros. Para m\u00e1s informaci\u00f3n sobre las <em>cookies<\/em>\u00a0de las redes sociales u otras Webs ajenas, aconsejamos revisar sus propias pol\u00edticas de\u00a0<em>cookies.<\/em><em>\u00a0<\/em><\/p>\n<ol start=\"4\">\n<li><strong>Informaci\u00f3n y obtenci\u00f3n del consentimiento para la instalaci\u00f3n<\/strong><\/li>\n<\/ol>\n<p>www.agullovilaro.es procurar\u00e1 en todo momento establecer mecanismos adecuados para obtener el consentimiento del Usuario para la instalaci\u00f3n de cookies que lo requieran. Cuando un usuario accede a nuestra web aparece un pop-up en el que se informa de la existencia de cookies y de que si contin\u00faa navegando por nuestra p\u00e1gina presta su consentimiento para la instalaci\u00f3n de cookies.<\/p>\n<ol start=\"5\">\n<li><strong>\u00bfC\u00f3mo puedo impedir la instalaci\u00f3n de cookies?<\/strong><\/li>\n<\/ol>\n<p><em>\u00a0<\/em>El usuario puede configurar su navegador para aceptar, o no, las cookies que recibe o para que el navegador le avise cuando un servidor quiera guardar una cookie. Si se deshabilitan algunas cookies t\u00e9cnicas no se garantiza el correcto funcionamiento de algunas de las utilidades de la web.<\/p>\n<p>El usuario podr\u00e1 excluir que se almacenen en su terminal las cookies &#8220;<em>anal\u00edticas y publicitarias\u201d<\/em> de Google Analytics mediante los <a href=\"https:\/\/tools.google.com\/dlpage\/gaoptout\">sistemas de exclusi\u00f3n facilitados por\u00a0Google Analytics.<\/a><\/p>\n<p>A continuaci\u00f3n, tambi\u00e9n le facilitamos algunos ejemplos de c\u00f3mo deshabilitar las cookies:<\/p>\n<ol>\n<li>Mediante la configuraci\u00f3n del propio navegador:<\/li>\n<\/ol>\n<ul>\n<li>Internet Explorer: <a href=\"http:\/\/windows.microsoft.com\/es-es\/windows-vista\/block-or-allow-cookies\">http:\/\/windows.microsoft.com\/es-es\/windows-vista\/block-or-allow-cookies<\/a><\/li>\n<li>Firefox: <a href=\"https:\/\/support.mozilla.org\/es\/kb\/habilitar-y-deshabilitar-cookies-que-los-sitios-web\">https:\/\/support.mozilla.org\/es\/kb\/habilitar-y-deshabilitar-cookies-que-los-sitios-web<\/a><\/li>\n<li>Safari: <a href=\"http:\/\/support.apple.com\/kb\/HT1677?viewlocale=es_ES\">http:\/\/support.apple.com\/kb\/HT1677?viewlocale=es_ES<\/a>.<\/li>\n<li>Chrome: <a href=\"https:\/\/support.google.com\/accounts\/answer\/61416?hl=es\">https:\/\/support.google.com\/accounts\/answer\/61416?hl=es<\/a>.<\/li>\n<li>Opera: <a href=\"http:\/\/help.opera.com\/Windows\/11.50\/es-ES\/cookies.html\">http:\/\/help.opera.com\/Windows\/11.50\/es-ES\/cookies.html<\/a><\/li>\n<\/ul>\n<p>Para ampliar esta informaci\u00f3n acuda a la p\u00e1gina de la Agencia Espa\u00f1ola de Protecci\u00f3n de Datos que ayuda a configurar la privacidad en redes sociales, navegadores y sistemas operativos m\u00f3viles. <a href=\"http:\/\/www.agpd.es\/portalwebAGPD\/CanalDelCiudadano\/protegetuprivacidad\/index-ides-idphp.php\">M\u00e1s informaci\u00f3n.<\/a><\/p>\n<ol>\n<li>Mediante herramientas de terceros:<\/li>\n<\/ol>\n<p>Existen herramientas de terceros, disponibles on line, que permiten a los usuarios detectar las cookies en cada sitio web que visita y gestionar su desactivaci\u00f3n, por ejemplo:<\/p>\n<p><a href=\"http:\/\/www.ghostery.com\">http:\/\/www.ghostery.com<\/a><\/p>\n<p><a href=\"http:\/\/www.youronlinechoices.com\/es\/\">http:\/\/www.youronlinechoices.com\/es\/<\/a><\/p>\n<ol start=\"6\">\n<li><strong>Enlaces a otros sitios web<\/strong><\/li>\n<\/ol>\n<p>Si opta por abandonar nuestro sitio Web a trav\u00e9s de enlaces a otros sitios Web no pertenecientes a nuestra entidad, no nos haremos responsables de las pol\u00edticas de privacidad de dichos sitios Web ni de las cookies que estos puedan almacenar en el ordenador del usuario.<\/p>\n<ol start=\"7\">\n<li><strong>\u00bfC\u00f3mo recopilamos y usamos las direcciones IP?<\/strong><\/li>\n<\/ol>\n<p>Los servidores de la Web podr\u00e1n detectar de manera autom\u00e1tica la direcci\u00f3n IP y el nombre de dominio utilizados por los usuarios.<\/p>\n<p>Una direcci\u00f3n IP es un n\u00famero asignado autom\u00e1ticamente a un ordenador cuando \u00e9ste se conecta a Internet. Esta informaci\u00f3n permite el posterior procesamiento de los datos con el fin de saber si ha prestado su consentimiento para la instalaci\u00f3n de cookies, realizar mediciones \u00fanicamente estad\u00edsticas que permitan conocer el n\u00famero de visitas realizadas a la Web, el orden de visitas, el punto de acceso, etc.<\/p>\n<ol start=\"8\">\n<li><strong>Actualizaci\u00f3n de nuestra pol\u00edtica de cookies<\/strong><\/li>\n<\/ol>\n<p>Esta pol\u00edtica se revisa peri\u00f3dicamente para asegurar su vigencia, por lo que puede ser modificada. Le recomendamos que visite la p\u00e1gina con regularidad donde le informaremos de cualquier actualizaci\u00f3n al respecto.[\/vc_column_text][\/vc_column][\/vc_row]\n","protected":false},"excerpt":{"rendered":"<p>[vc_row type=&#8221;in_container&#8221; full_screen_row_position=&#8221;middle&#8221; scene_position=&#8221;center&#8221; text_color=&#8221;dark&#8221; text_align=&#8221;left&#8221; top_padding=&#8221;2%&#8221; overlay_strength=&#8221;0.3&#8243; shape_divider_position=&#8221;bottom&#8221; bg_image_animation=&#8221;none&#8221; shape_type=&#8221;&#8221;][vc_column column_padding=&#8221;no-extra-padding&#8221; column_padding_position=&#8221;all&#8221; background_color_opacity=&#8221;1&#8243; background_hover_color_opacity=&#8221;1&#8243; column_link_target=&#8221;_self&#8221; column_shadow=&#8221;none&#8221; column_border_radius=&#8221;none&#8221; width=&#8221;1\/1&#8243; tablet_width_inherit=&#8221;default&#8221; tablet_text_alignment=&#8221;default&#8221; phone_text_alignment=&#8221;default&#8221; column_border_width=&#8221;none&#8221; column_border_style=&#8221;solid&#8221; bg_image_animation=&#8221;none&#8221;][vc_column_text] \u00bfQu\u00e9 son las Cookies? Una&#8230;<\/p>\n","protected":false},"author":7,"featured_media":0,"parent":0,"menu_order":0,"comment_status":"closed","ping_status":"closed","template":"","meta":{"footnotes":""},"class_list":["post-4041","page","type-page","status-publish"],"yoast_head":"<!-- This site is optimized with the Yoast SEO plugin v26.6 - https:\/\/yoast.com\/wordpress\/plugins\/seo\/ -->\n<title>Pol\u00edtica de cookies - Cl\u00ednica Odontol\u00f3gica Agull\u00f3 y Vilar\u00f3<\/title>\n<meta name=\"robots\" content=\"index, follow, max-snippet:-1, max-image-preview:large, max-video-preview:-1\" \/>\n<link rel=\"canonical\" href=\"https:\/\/www.agullovilaro.es\/en\/politica-de-cookies\/\" \/>\n<meta property=\"og:locale\" content=\"en_US\" \/>\n<meta property=\"og:type\" content=\"article\" \/>\n<meta property=\"og:title\" content=\"Pol\u00edtica de cookies - Cl\u00ednica Odontol\u00f3gica Agull\u00f3 y Vilar\u00f3\" \/>\n<meta property=\"og:description\" content=\"[vc_row type=&#8221;in_container&#8221; full_screen_row_position=&#8221;middle&#8221; scene_position=&#8221;center&#8221; text_color=&#8221;dark&#8221; text_align=&#8221;left&#8221; top_padding=&#8221;2%&#8221; overlay_strength=&#8221;0.3&#8243; shape_divider_position=&#8221;bottom&#8221; bg_image_animation=&#8221;none&#8221; shape_type=&#8221;&#8221;][vc_column column_padding=&#8221;no-extra-padding&#8221; column_padding_position=&#8221;all&#8221; background_color_opacity=&#8221;1&#8243; background_hover_color_opacity=&#8221;1&#8243; column_link_target=&#8221;_self&#8221; column_shadow=&#8221;none&#8221; column_border_radius=&#8221;none&#8221; width=&#8221;1\/1&#8243; tablet_width_inherit=&#8221;default&#8221; tablet_text_alignment=&#8221;default&#8221; phone_text_alignment=&#8221;default&#8221; column_border_width=&#8221;none&#8221; column_border_style=&#8221;solid&#8221; bg_image_animation=&#8221;none&#8221;][vc_column_text] \u00bfQu\u00e9 son las Cookies? Una...\" \/>\n<meta property=\"og:url\" content=\"https:\/\/www.agullovilaro.es\/en\/politica-de-cookies\/\" \/>\n<meta property=\"og:site_name\" content=\"Cl\u00ednica Odontol\u00f3gica Agull\u00f3 y Vilar\u00f3\" \/>\n<meta name=\"twitter:card\" content=\"summary_large_image\" \/>\n<meta name=\"twitter:label1\" content=\"Est. reading time\" \/>\n\t<meta name=\"twitter:data1\" content=\"9 minutes\" \/>\n<script type=\"application\/ld+json\" class=\"yoast-schema-graph\">{\"@context\":\"https:\/\/schema.org\",\"@graph\":[{\"@type\":\"WebPage\",\"@id\":\"https:\/\/www.agullovilaro.es\/en\/politica-de-cookies\/\",\"url\":\"https:\/\/www.agullovilaro.es\/en\/politica-de-cookies\/\",\"name\":\"Pol\u00edtica de cookies - Cl\u00ednica Odontol\u00f3gica Agull\u00f3 y Vilar\u00f3\",\"isPartOf\":{\"@id\":\"https:\/\/www.agullovilaro.es\/#website\"},\"datePublished\":\"2019-06-06T15:41:13+00:00\",\"breadcrumb\":{\"@id\":\"https:\/\/www.agullovilaro.es\/en\/politica-de-cookies\/#breadcrumb\"},\"inLanguage\":\"en-US\",\"potentialAction\":[{\"@type\":\"ReadAction\",\"target\":[\"https:\/\/www.agullovilaro.es\/en\/politica-de-cookies\/\"]}]},{\"@type\":\"BreadcrumbList\",\"@id\":\"https:\/\/www.agullovilaro.es\/en\/politica-de-cookies\/#breadcrumb\",\"itemListElement\":[{\"@type\":\"ListItem\",\"position\":1,\"name\":\"Portada\",\"item\":\"https:\/\/www.agullovilaro.es\/en\/\"},{\"@type\":\"ListItem\",\"position\":2,\"name\":\"Pol\u00edtica de cookies\"}]},{\"@type\":\"WebSite\",\"@id\":\"https:\/\/www.agullovilaro.es\/#website\",\"url\":\"https:\/\/www.agullovilaro.es\/\",\"name\":\"Cl\u00ednica Odontol\u00f3gica Agull\u00f3 y Vilar\u00f3\",\"description\":\"\",\"potentialAction\":[{\"@type\":\"SearchAction\",\"target\":{\"@type\":\"EntryPoint\",\"urlTemplate\":\"https:\/\/www.agullovilaro.es\/?s={search_term_string}\"},\"query-input\":{\"@type\":\"PropertyValueSpecification\",\"valueRequired\":true,\"valueName\":\"search_term_string\"}}],\"inLanguage\":\"en-US\"}]}<\/script>\n<!-- \/ Yoast SEO plugin. -->","yoast_head_json":{"title":"Pol\u00edtica de cookies - Cl\u00ednica Odontol\u00f3gica Agull\u00f3 y Vilar\u00f3","robots":{"index":"index","follow":"follow","max-snippet":"max-snippet:-1","max-image-preview":"max-image-preview:large","max-video-preview":"max-video-preview:-1"},"canonical":"https:\/\/www.agullovilaro.es\/en\/politica-de-cookies\/","og_locale":"en_US","og_type":"article","og_title":"Pol\u00edtica de cookies - Cl\u00ednica Odontol\u00f3gica Agull\u00f3 y Vilar\u00f3","og_description":"[vc_row type=&#8221;in_container&#8221; full_screen_row_position=&#8221;middle&#8221; scene_position=&#8221;center&#8221; text_color=&#8221;dark&#8221; text_align=&#8221;left&#8221; top_padding=&#8221;2%&#8221; overlay_strength=&#8221;0.3&#8243; shape_divider_position=&#8221;bottom&#8221; bg_image_animation=&#8221;none&#8221; shape_type=&#8221;&#8221;][vc_column column_padding=&#8221;no-extra-padding&#8221; column_padding_position=&#8221;all&#8221; background_color_opacity=&#8221;1&#8243; background_hover_color_opacity=&#8221;1&#8243; column_link_target=&#8221;_self&#8221; column_shadow=&#8221;none&#8221; column_border_radius=&#8221;none&#8221; width=&#8221;1\/1&#8243; tablet_width_inherit=&#8221;default&#8221; tablet_text_alignment=&#8221;default&#8221; phone_text_alignment=&#8221;default&#8221; column_border_width=&#8221;none&#8221; column_border_style=&#8221;solid&#8221; bg_image_animation=&#8221;none&#8221;][vc_column_text] \u00bfQu\u00e9 son las Cookies? Una...","og_url":"https:\/\/www.agullovilaro.es\/en\/politica-de-cookies\/","og_site_name":"Cl\u00ednica Odontol\u00f3gica Agull\u00f3 y Vilar\u00f3","twitter_card":"summary_large_image","twitter_misc":{"Est. reading time":"9 minutes"},"schema":{"@context":"https:\/\/schema.org","@graph":[{"@type":"WebPage","@id":"https:\/\/www.agullovilaro.es\/en\/politica-de-cookies\/","url":"https:\/\/www.agullovilaro.es\/en\/politica-de-cookies\/","name":"Pol\u00edtica de cookies - Cl\u00ednica Odontol\u00f3gica Agull\u00f3 y Vilar\u00f3","isPartOf":{"@id":"https:\/\/www.agullovilaro.es\/#website"},"datePublished":"2019-06-06T15:41:13+00:00","breadcrumb":{"@id":"https:\/\/www.agullovilaro.es\/en\/politica-de-cookies\/#breadcrumb"},"inLanguage":"en-US","potentialAction":[{"@type":"ReadAction","target":["https:\/\/www.agullovilaro.es\/en\/politica-de-cookies\/"]}]},{"@type":"BreadcrumbList","@id":"https:\/\/www.agullovilaro.es\/en\/politica-de-cookies\/#breadcrumb","itemListElement":[{"@type":"ListItem","position":1,"name":"Portada","item":"https:\/\/www.agullovilaro.es\/en\/"},{"@type":"ListItem","position":2,"name":"Pol\u00edtica de cookies"}]},{"@type":"WebSite","@id":"https:\/\/www.agullovilaro.es\/#website","url":"https:\/\/www.agullovilaro.es\/","name":"Cl\u00ednica Odontol\u00f3gica Agull\u00f3 y Vilar\u00f3","description":"","potentialAction":[{"@type":"SearchAction","target":{"@type":"EntryPoint","urlTemplate":"https:\/\/www.agullovilaro.es\/?s={search_term_string}"},"query-input":{"@type":"PropertyValueSpecification","valueRequired":true,"valueName":"search_term_string"}}],"inLanguage":"en-US"}]}},"_links":{"self":[{"href":"https:\/\/www.agullovilaro.es\/en\/wp-json\/wp\/v2\/pages\/4041","targetHints":{"allow":["GET"]}}],"collection":[{"href":"https:\/\/www.agullovilaro.es\/en\/wp-json\/wp\/v2\/pages"}],"about":[{"href":"https:\/\/www.agullovilaro.es\/en\/wp-json\/wp\/v2\/types\/page"}],"author":[{"embeddable":true,"href":"https:\/\/www.agullovilaro.es\/en\/wp-json\/wp\/v2\/users\/7"}],"replies":[{"embeddable":true,"href":"https:\/\/www.agullovilaro.es\/en\/wp-json\/wp\/v2\/comments?post=4041"}],"version-history":[{"count":1,"href":"https:\/\/www.agullovilaro.es\/en\/wp-json\/wp\/v2\/pages\/4041\/revisions"}],"predecessor-version":[{"id":4050,"href":"https:\/\/www.agullovilaro.es\/en\/wp-json\/wp\/v2\/pages\/4041\/revisions\/4050"}],"wp:attachment":[{"href":"https:\/\/www.agullovilaro.es\/en\/wp-json\/wp\/v2\/media?parent=4041"}],"curies":[{"name":"wp","href":"https:\/\/api.w.org\/{rel}","templated":true}]}}