{"id":4047,"date":"2019-06-06T15:40:32","date_gmt":"2019-06-06T15:40:32","guid":{"rendered":"https:\/\/agullovilaro.es\/?page_id=4047"},"modified":"2020-07-14T17:32:57","modified_gmt":"2020-07-14T17:32:57","slug":"aviso-legal","status":"publish","type":"page","link":"https:\/\/www.agullovilaro.es\/en\/aviso-legal\/","title":{"rendered":"Aviso legal"},"content":{"rendered":"[vc_row type=&#8221;in_container&#8221; full_screen_row_position=&#8221;middle&#8221; column_margin=&#8221;default&#8221; column_direction=&#8221;default&#8221; column_direction_tablet=&#8221;default&#8221; column_direction_phone=&#8221;default&#8221; scene_position=&#8221;center&#8221; top_padding=&#8221;2%&#8221; text_color=&#8221;dark&#8221; text_align=&#8221;left&#8221; row_border_radius=&#8221;none&#8221; row_border_radius_applies=&#8221;bg&#8221; overlay_strength=&#8221;0.3&#8243; gradient_direction=&#8221;left_to_right&#8221; shape_divider_position=&#8221;bottom&#8221; bg_image_animation=&#8221;none&#8221; shape_type=&#8221;&#8221;][vc_column column_padding=&#8221;no-extra-padding&#8221; column_padding_tablet=&#8221;inherit&#8221; column_padding_phone=&#8221;inherit&#8221; column_padding_position=&#8221;all&#8221; background_color_opacity=&#8221;1&#8243; background_hover_color_opacity=&#8221;1&#8243; column_shadow=&#8221;none&#8221; column_border_radius=&#8221;none&#8221; column_link_target=&#8221;_self&#8221; gradient_direction=&#8221;left_to_right&#8221; overlay_strength=&#8221;0.3&#8243; width=&#8221;1\/1&#8243; tablet_width_inherit=&#8221;default&#8221; tablet_text_alignment=&#8221;default&#8221; phone_text_alignment=&#8221;default&#8221; column_border_width=&#8221;none&#8221; column_border_style=&#8221;solid&#8221; bg_image_animation=&#8221;none&#8221;][vc_column_text]\n<ol>\n<li><strong> Objeto y aceptaci\u00f3n<\/strong><\/li>\n<\/ol>\n<p>El presente aviso legal regula el uso del sitio Web: www.agullovilaro.es<\/p>\n<p>El sitio web www.agullovilaro.es presta servicios cuyo objetivo primordial es permitir el contacto entre los usuarios y la empresa, bien para ponerse en contacto con nosotros o para pedir presupuestos.<\/p>\n<p>La navegaci\u00f3n por la p\u00e1gina www.agullovilaro.es atribuye la condici\u00f3n de usuario de la misma e implica la aceptaci\u00f3n plena y sin reservas de todas y cada una de las disposiciones incluidas en este Aviso Legal, que pueden sufrir modificaciones.<\/p>\n<p>El usuario se obliga a hacer un uso correcto del sitio Web de conformidad con las leyes, la buena fe, el orden p\u00fablico, los usos del tr\u00e1fico y el presente Aviso Legal. El Usuario responder\u00e1 frente a\u00a0CLINICA DENTAL AGULLO Y VILAR\u00d3, S.L.\u00a0y frente a terceros, de los da\u00f1os y perjuicios que pudieran causarse como consecuencia del incumplimiento de dicha obligaci\u00f3n.<\/p>\n<ol start=\"2\">\n<li><strong> Titularidad de la web e identificaci\u00f3n del Prestador de Servicios de la Sociedad de la Informaci\u00f3n<\/strong><\/li>\n<\/ol>\n<p>Con la finalidad de dar cumplimiento al principio de Informaci\u00f3n general exigido por el Art\u00edculo 10 de la Ley 34\/2002, de 11 de julio, de servicios de la sociedad de la informaci\u00f3n y de comercio electr\u00f3nico\u00a0 informamos a nuestros usuarios que el presente sitio web pertenece a\u00a0 CLINICA DENTAL AGULLO Y VILAR\u00d3, S.L. con cif B38489340, inscrita en el Registro Mercantil de _______ en la hoja 17787, Folio 215 del tomo 1.652 de la Secci\u00f3n _____.<\/p>\n<table width=\"529\">\n<tbody>\n<tr>\n<td colspan=\"3\" width=\"183\">Direcci\u00f3n:<\/td>\n<td width=\"16\"><\/td>\n<td colspan=\"3\" width=\"330\">Calle Viera Y Clavijo 5 Edf Claralba, 38670 &#8211; Adeje<\/td>\n<\/tr>\n<tr>\n<td width=\"24\"><\/td>\n<td width=\"16\"><\/td>\n<td width=\"142\"><\/td>\n<td width=\"16\"><\/td>\n<td width=\"196\"><\/td>\n<td width=\"16\"><\/td>\n<td width=\"119\"><\/td>\n<\/tr>\n<tr>\n<td colspan=\"3\" width=\"183\">Correo-e:<\/td>\n<td width=\"16\"><\/td>\n<td colspan=\"3\" width=\"330\">\u00a0\u00a0\u00a0\u00a0 recepcion1@agullovilaro.es<\/td>\n<\/tr>\n<tr>\n<td width=\"24\"><\/td>\n<td width=\"16\"><\/td>\n<td width=\"142\"><\/td>\n<td width=\"16\"><\/td>\n<td width=\"196\"><\/td>\n<td width=\"16\"><\/td>\n<td width=\"119\"><\/td>\n<\/tr>\n<tr>\n<td colspan=\"3\" width=\"183\">Tel\u00e9fono:<\/td>\n<td width=\"16\"><\/td>\n<td colspan=\"3\" width=\"330\">\u00a0\u00a0\u00a0\u00a0 922710579<\/td>\n<\/tr>\n<tr>\n<td width=\"24\"><\/td>\n<td width=\"16\"><\/td>\n<td width=\"142\"><\/td>\n<td width=\"16\"><\/td>\n<td width=\"196\"><\/td>\n<td width=\"16\"><\/td>\n<td width=\"119\"><\/td>\n<\/tr>\n<tr>\n<td colspan=\"3\" width=\"183\">Web alojada por:<\/td>\n<td width=\"16\"><\/td>\n<td colspan=\"3\" width=\"330\"><\/td>\n<\/tr>\n<\/tbody>\n<\/table>\n<p>&nbsp;<\/p>\n<ol start=\"3\">\n<li><strong> Condiciones generales de acceso y utilizaci\u00f3n<\/strong><\/li>\n<\/ol>\n<p>El sitio Web y sus servicios son de acceso libre y gratuito, si bien la utilizaci\u00f3n de determinadas \u00e1reas o servicios est\u00e1 condicionada a cumplimentar formularios de recogida de datos. S\u00f3lo los mayores de 18 a\u00f1os podr\u00e1n facilitar datos a trav\u00e9s de nuestra web, y los menores de 16 a\u00f1os no pueden facilitarlos sin el consentimiento de los padres o tutores.<\/p>\n<p>El Usuario garantiza la autenticidad y actualidad de todos aquellos datos que comunique a\u00a0CLINICA DENTAL AGULLO Y VILAR\u00d3, S.L.\u00a0y ser\u00e1 el \u00fanico responsable de las manifestaciones falsas o inexactas que realice.<\/p>\n<p>www.agullovilaro.es\u00a0tiene los siguientes tipos de usuarios:<\/p>\n<p>Usuarios que aportan datos en cualquiera de los formularios disponibles:\u00a0Los datos personales que CLINICA DENTAL AGULLO Y VILAR\u00d3, S.L. solicita incluye el nombre y direcci\u00f3n electr\u00f3nica y los proporcionados por el propio usuario al rellenar los formularios.<\/p>\n<p>Usuarios que no han contactado con CLINICA DENTAL AGULLO Y VILAR\u00d3, S.L. pero de los que se recogen datos:\u00a0Datos proporcionados por las cookies<\/p>\n<p><strong>3.1. Reglas y prohibiciones de uso para usuarios de nuestros servicios<\/strong><\/p>\n<p>El Usuario se compromete expresamente a hacer un uso adecuado de los contenidos y servicios ofrecidos y a no emplearlos para:<\/p>\n<ul>\n<li>Difundir contenidos delictivos, violentos, pornogr\u00e1ficos, racistas, xen\u00f3fobo, ofensivos, de apolog\u00eda del terrorismo o, en general, contrarios a la ley o al orden p\u00fablico.<\/li>\n<li>Introducir en la red virus inform\u00e1ticos o realizar actuaciones susceptibles de alterar, estropear, interrumpir o generar errores o da\u00f1os en los documentos electr\u00f3nicos, datos o sistemas f\u00edsicos y l\u00f3gicos de\u00a0CLINICA DENTAL AGULLO Y VILAR\u00d3, S.L.\u00a0o de terceras personas; as\u00ed como obstaculizar el acceso de otros Usuarios al sitio Web y a sus servicios.<\/li>\n<li>Intentar acceder a \u00e1reas restringidas de los sistemas inform\u00e1ticos de\u00a0CLINICA DENTAL AGULLO Y VILAR\u00d3, S.L.\u00a0o de terceros y, en su caso, extraer informaci\u00f3n.<\/li>\n<li>Vulnerar los derechos de propiedad intelectual o industrial, as\u00ed como violar la confidencialidad de la informaci\u00f3n de\u00a0CLINICA DENTAL AGULLO Y VILAR\u00d3, S.L.\u00a0o de terceros.<\/li>\n<li>Suplantar la identidad de otro Usuario, de las administraciones p\u00fablicas o de un tercero.<\/li>\n<li>Reproducir, copiar, distribuir, poner a disposici\u00f3n o de cualquier otra forma comunicar p\u00fablicamente, transformar o modificar los Contenidos, a menos que se cuente con la autorizaci\u00f3n del titular de los correspondientes derechos o ello resulte legalmente permitido<\/li>\n<li>Recabar datos con finalidad publicitaria y de remitir publicidad de cualquier clase y comunicaciones con fines de venta u otras de naturaleza comercial sin que medie su previa solicitud o consentimiento.<\/li>\n<\/ul>\n<p><strong>3.2. Procedimiento en caso de realizaci\u00f3n de actividades de car\u00e1cter il\u00edcito<\/strong><\/p>\n<p>En el caso de que cualquier usuario o un tercero considere que existen hechos o circunstancias que revelen el car\u00e1cter il\u00edcito de la utilizaci\u00f3n de cualquier contenido y\/o de la realizaci\u00f3n de cualquier actividad en las p\u00e1ginas Web incluidas o accesibles a trav\u00e9s del sitio Web, deber\u00e1 enviar una notificaci\u00f3n a\u00a0CLINICA DENTAL AGULLO Y VILAR\u00d3, S.L.\u00a0identific\u00e1ndose debidamente, especificando las supuestas infracciones y declarando expresamente y bajo su responsabilidad que la informaci\u00f3n proporcionada en la notificaci\u00f3n es exacta.<\/p>\n<ol start=\"4\">\n<li><strong> Pol\u00edtica de privacidad<\/strong><\/li>\n<\/ol>\n<p>El usuario puede consultar c\u00f3mo CLINICA DENTAL AGULLO Y VILAR\u00d3, S.L. utiliza sus datos y las medidas de seguridad implantadas en el siguiente enlace:\u00a0&#8220;pol\u00edtica de privacidad&#8221;<\/p>\n<ol start=\"5\">\n<li><strong> Pol\u00edtica de cookies<\/strong><\/li>\n<\/ol>\n<p>CLINICA DENTAL AGULLO Y VILAR\u00d3, S.L. instala cookies en el ordenador del usuario. Para conocer m\u00e1s las cookies de nuestro sitio web acuda al siguiente enlace:\u00a0&#8220;pol\u00edtica de cookies&#8221;<\/p>\n<ol start=\"6\">\n<li><strong> Notificaciones<\/strong><\/li>\n<\/ol>\n<p>Todas las notificaciones y comunicaciones entre los usuarios y\u00a0CLINICA DENTAL AGULLO Y VILAR\u00d3, S.L.\u00a0 se considerar\u00e1n eficaces, a todos los efectos, cuando se realicen a trav\u00e9s de correo postal o correo electr\u00f3nico o comunicaci\u00f3n telef\u00f3nica. Los usuarios deber\u00e1n dirigirse a\u00a0CLINICA DENTAL AGULLO Y VILAR\u00d3, S.L.\u00a0mediante:<\/p>\n<ul>\n<li>Env\u00edo por correo postal a la siguiente direcci\u00f3n:\u00a0CLINICA DENTAL AGULLO Y VILAR\u00d3, S.L.\u00a0\u2013 Calle Viera Y Clavijo 5 Edf Claralba, 38670 &#8211; Adeje.<\/li>\n<li>Env\u00edo por correo electr\u00f3nico a la siguiente direcci\u00f3n: recepcion1@agullovilaro.es<\/li>\n<\/ul>\n<ol start=\"7\">\n<li><strong> Propiedad Industrial y propiedad intelectual<\/strong><\/li>\n<\/ol>\n<p>Todos los contenidos del sitio Web, como textos, fotograf\u00edas, gr\u00e1ficos, im\u00e1genes, iconos, tecnolog\u00eda, software, as\u00ed como su dise\u00f1o gr\u00e1fico y c\u00f3digos fuente, constituyen una obra cuya propiedad pertenece a\u00a0CLINICA DENTAL AGULLO Y VILAR\u00d3, S.L., sin que puedan entenderse cedidos al Usuario ninguno de los derechos de explotaci\u00f3n sobre los mismos m\u00e1s all\u00e1 de lo estrictamente necesario para el correcto uso de la Web.<\/p>\n<p>En definitiva, los usuarios que accedan a este sitio Web pueden visualizar los contenidos y efectuar, en su caso, copias privadas autorizadas siempre que los elementos reproducidos no sean cedidos posteriormente a terceros, ni se instalen a servidores conectados a redes, ni sean objeto de ning\u00fan tipo de explotaci\u00f3n y \u00fanica y exclusivamente mientras se encuentre en vigor el servicio.<\/p>\n<p>Asimismo, todas las marcas, nombres comerciales o signos distintivos de cualquier clase que aparecen en el sitio Web son propiedad de\u00a0CLINICA DENTAL AGULLO Y VILAR\u00d3, S.L., sin que pueda entenderse que el uso o acceso al mismo atribuya al Usuario derecho alguno sobre los mismos.<\/p>\n<p>Quedan prohibidas la distribuci\u00f3n, modificaci\u00f3n, cesi\u00f3n o comunicaci\u00f3n p\u00fablica de los contenidos y cualquier otro acto que no haya sido expresamente autorizado por\u00a0CLINICA DENTAL AGULLO Y VILAR\u00d3, S.L.\u00a0En caso de incumplimiento\u00a0CLINICA DENTAL AGULLO Y VILAR\u00d3, S.L.\u00a0proceder\u00e1 a adoptar las medidas legales oportunas.<\/p>\n<ol start=\"8\">\n<li><strong> Exenci\u00f3n de responsabilidad y modificaci\u00f3n del presente aviso legal<\/strong><\/li>\n<\/ol>\n<p>La informaci\u00f3n que se difunde en esta web se hace \u00fanica y exclusivamente a t\u00edtulo informativo, reserv\u00e1ndose\u00a0CLINICA DENTAL AGULLO Y VILAR\u00d3, S.L.\u00a0el derecho de eliminar o suspender su difusi\u00f3n, total o parcialmente, y a modificar la estructura y contenido de este sitio Web sin aviso previo, pudiendo incluso limitar o no permitir el acceso a dicha informaci\u00f3n.\u00a0CLINICA DENTAL AGULLO Y VILAR\u00d3, S.L.intenta\u00a0 mantener la calidad y actualizaci\u00f3n de esta informaci\u00f3n y evitar y minimizar posibles errores pero\u00a0CLINICA DENTAL AGULLO Y VILAR\u00d3, S.L.\u00a0no responder\u00e1 de los da\u00f1os o perjuicios causados por decisiones tomadas en base a la informaci\u00f3n difundida; ni de inexactitudes, omisiones o errores contenidos en el mismo, ni de los problemas que se originen por el uso de este sitio Web u otro de conexi\u00f3n externa; ni de los da\u00f1os y\/o perjuicios en el software o hardware del usuario que se deriven del acceso a este sitio Web.<\/p>\n<p>Los Usuarios aceptan expresamente que\u00a0CLINICA DENTAL AGULLO Y VILAR\u00d3, S.L.\u00a0\u00a0no ser\u00e1 responsable del acceso no autorizado o alteraci\u00f3n de sus transmisiones o datos, de cualquier material o datos enviados o recibidos o no enviados o recibidos, ni de ninguna transacci\u00f3n realizada a trav\u00e9s de su web.<\/p>\n<p>CLINICA DENTAL AGULLO Y VILAR\u00d3, S.L.\u00a0se reserva el derecho a modificar el presente aviso legal unilateralmente y sin preaviso\u00a0 en los t\u00e9rminos y condiciones que estime conveniente con la \u00fanica obligaci\u00f3n de informar al usuario de las modificaciones efectuadas a trav\u00e9s de\u00a0<a href=\"http:\/\/www.aixacorpore.es\/\">www.agullovilaro.es<\/a><\/p>\n<ol start=\"9\">\n<li><strong> Nulidad parcial<\/strong><\/li>\n<\/ol>\n<p>Si alguna de las presentes cl\u00e1usulas fuese declarada nula y sin efecto por resoluci\u00f3n firme dictada por autoridad competente, los restantes t\u00e9rminos y condiciones permanecer\u00e1n en vigor, sin que queden afectados por dicha declaraci\u00f3n de nulidad.<\/p>\n<ol start=\"10\">\n<li><strong> Ley aplicable y tribunales competentes<\/strong><\/li>\n<\/ol>\n<p>El presente sitio web queda sometido a lo establecido por la legislaci\u00f3n espa\u00f1ola y normativa europea que resulte de aplicaci\u00f3n<\/p>\n<p>Cualquier controversia que surja o guarde relaci\u00f3n con el uso de la p\u00e1gina web o con dichos productos ser\u00e1 sometida a la\u00a0jurisdicci\u00f3n no exclusiva\u00a0de los juzgados y tribunales espa\u00f1oles de la provincia de S\/C de Tenerife.<\/p>\n<p>Si se trata de un consumidor final nada en la presente cl\u00e1usula afectar\u00e1 a los derechos que como tal le reconoce la legislaci\u00f3n vigente, pudiendo elegir presentar una reclamaci\u00f3n para hacer valer sus derechos en relaci\u00f3n con las presentes Condiciones ante el Juez o Tribunales que correspondan a su domicilio.[\/vc_column_text][\/vc_column][\/vc_row]\n","protected":false},"excerpt":{"rendered":"<p>[vc_row type=&#8221;in_container&#8221; full_screen_row_position=&#8221;middle&#8221; column_margin=&#8221;default&#8221; column_direction=&#8221;default&#8221; column_direction_tablet=&#8221;default&#8221; column_direction_phone=&#8221;default&#8221; scene_position=&#8221;center&#8221; top_padding=&#8221;2%&#8221; text_color=&#8221;dark&#8221; text_align=&#8221;left&#8221; row_border_radius=&#8221;none&#8221; row_border_radius_applies=&#8221;bg&#8221; overlay_strength=&#8221;0.3&#8243; gradient_direction=&#8221;left_to_right&#8221; shape_divider_position=&#8221;bottom&#8221; bg_image_animation=&#8221;none&#8221; shape_type=&#8221;&#8221;][vc_column column_padding=&#8221;no-extra-padding&#8221; column_padding_tablet=&#8221;inherit&#8221; column_padding_phone=&#8221;inherit&#8221; column_padding_position=&#8221;all&#8221; background_color_opacity=&#8221;1&#8243; background_hover_color_opacity=&#8221;1&#8243; column_shadow=&#8221;none&#8221; column_border_radius=&#8221;none&#8221; column_link_target=&#8221;_self&#8221; gradient_direction=&#8221;left_to_right&#8221; overlay_strength=&#8221;0.3&#8243; width=&#8221;1\/1&#8243;&#8230;<\/p>\n","protected":false},"author":7,"featured_media":0,"parent":0,"menu_order":0,"comment_status":"closed","ping_status":"closed","template":"","meta":{"footnotes":""},"class_list":["post-4047","page","type-page","status-publish"],"yoast_head":"<!-- This site is optimized with the Yoast SEO plugin v26.6 - https:\/\/yoast.com\/wordpress\/plugins\/seo\/ -->\n<title>Aviso legal - Cl\u00ednica Odontol\u00f3gica Agull\u00f3 y Vilar\u00f3<\/title>\n<meta name=\"robots\" content=\"index, follow, max-snippet:-1, max-image-preview:large, max-video-preview:-1\" \/>\n<link rel=\"canonical\" href=\"https:\/\/www.agullovilaro.es\/en\/aviso-legal\/\" \/>\n<meta property=\"og:locale\" content=\"en_US\" \/>\n<meta property=\"og:type\" content=\"article\" \/>\n<meta property=\"og:title\" content=\"Aviso legal - Cl\u00ednica Odontol\u00f3gica Agull\u00f3 y Vilar\u00f3\" \/>\n<meta property=\"og:description\" content=\"[vc_row type=&#8221;in_container&#8221; full_screen_row_position=&#8221;middle&#8221; column_margin=&#8221;default&#8221; column_direction=&#8221;default&#8221; column_direction_tablet=&#8221;default&#8221; column_direction_phone=&#8221;default&#8221; scene_position=&#8221;center&#8221; top_padding=&#8221;2%&#8221; text_color=&#8221;dark&#8221; text_align=&#8221;left&#8221; row_border_radius=&#8221;none&#8221; row_border_radius_applies=&#8221;bg&#8221; overlay_strength=&#8221;0.3&#8243; gradient_direction=&#8221;left_to_right&#8221; shape_divider_position=&#8221;bottom&#8221; bg_image_animation=&#8221;none&#8221; shape_type=&#8221;&#8221;][vc_column column_padding=&#8221;no-extra-padding&#8221; column_padding_tablet=&#8221;inherit&#8221; column_padding_phone=&#8221;inherit&#8221; column_padding_position=&#8221;all&#8221; background_color_opacity=&#8221;1&#8243; background_hover_color_opacity=&#8221;1&#8243; column_shadow=&#8221;none&#8221; column_border_radius=&#8221;none&#8221; column_link_target=&#8221;_self&#8221; gradient_direction=&#8221;left_to_right&#8221; overlay_strength=&#8221;0.3&#8243; width=&#8221;1\/1&#8243;...\" \/>\n<meta property=\"og:url\" content=\"https:\/\/www.agullovilaro.es\/en\/aviso-legal\/\" \/>\n<meta property=\"og:site_name\" content=\"Cl\u00ednica Odontol\u00f3gica Agull\u00f3 y Vilar\u00f3\" \/>\n<meta property=\"article:modified_time\" content=\"2020-07-14T17:32:57+00:00\" \/>\n<meta name=\"twitter:card\" content=\"summary_large_image\" \/>\n<meta name=\"twitter:label1\" content=\"Est. reading time\" \/>\n\t<meta name=\"twitter:data1\" content=\"9 minutes\" \/>\n<script type=\"application\/ld+json\" class=\"yoast-schema-graph\">{\"@context\":\"https:\/\/schema.org\",\"@graph\":[{\"@type\":\"WebPage\",\"@id\":\"https:\/\/www.agullovilaro.es\/en\/aviso-legal\/\",\"url\":\"https:\/\/www.agullovilaro.es\/en\/aviso-legal\/\",\"name\":\"Aviso legal - Cl\u00ednica Odontol\u00f3gica Agull\u00f3 y Vilar\u00f3\",\"isPartOf\":{\"@id\":\"https:\/\/www.agullovilaro.es\/#website\"},\"datePublished\":\"2019-06-06T15:40:32+00:00\",\"dateModified\":\"2020-07-14T17:32:57+00:00\",\"breadcrumb\":{\"@id\":\"https:\/\/www.agullovilaro.es\/en\/aviso-legal\/#breadcrumb\"},\"inLanguage\":\"en-US\",\"potentialAction\":[{\"@type\":\"ReadAction\",\"target\":[\"https:\/\/www.agullovilaro.es\/en\/aviso-legal\/\"]}]},{\"@type\":\"BreadcrumbList\",\"@id\":\"https:\/\/www.agullovilaro.es\/en\/aviso-legal\/#breadcrumb\",\"itemListElement\":[{\"@type\":\"ListItem\",\"position\":1,\"name\":\"Portada\",\"item\":\"https:\/\/www.agullovilaro.es\/en\/\"},{\"@type\":\"ListItem\",\"position\":2,\"name\":\"Aviso legal\"}]},{\"@type\":\"WebSite\",\"@id\":\"https:\/\/www.agullovilaro.es\/#website\",\"url\":\"https:\/\/www.agullovilaro.es\/\",\"name\":\"Cl\u00ednica Odontol\u00f3gica Agull\u00f3 y Vilar\u00f3\",\"description\":\"\",\"potentialAction\":[{\"@type\":\"SearchAction\",\"target\":{\"@type\":\"EntryPoint\",\"urlTemplate\":\"https:\/\/www.agullovilaro.es\/?s={search_term_string}\"},\"query-input\":{\"@type\":\"PropertyValueSpecification\",\"valueRequired\":true,\"valueName\":\"search_term_string\"}}],\"inLanguage\":\"en-US\"}]}<\/script>\n<!-- \/ Yoast SEO plugin. -->","yoast_head_json":{"title":"Aviso legal - Cl\u00ednica Odontol\u00f3gica Agull\u00f3 y Vilar\u00f3","robots":{"index":"index","follow":"follow","max-snippet":"max-snippet:-1","max-image-preview":"max-image-preview:large","max-video-preview":"max-video-preview:-1"},"canonical":"https:\/\/www.agullovilaro.es\/en\/aviso-legal\/","og_locale":"en_US","og_type":"article","og_title":"Aviso legal - Cl\u00ednica Odontol\u00f3gica Agull\u00f3 y Vilar\u00f3","og_description":"[vc_row type=&#8221;in_container&#8221; full_screen_row_position=&#8221;middle&#8221; column_margin=&#8221;default&#8221; column_direction=&#8221;default&#8221; column_direction_tablet=&#8221;default&#8221; column_direction_phone=&#8221;default&#8221; scene_position=&#8221;center&#8221; top_padding=&#8221;2%&#8221; text_color=&#8221;dark&#8221; text_align=&#8221;left&#8221; row_border_radius=&#8221;none&#8221; row_border_radius_applies=&#8221;bg&#8221; overlay_strength=&#8221;0.3&#8243; gradient_direction=&#8221;left_to_right&#8221; shape_divider_position=&#8221;bottom&#8221; bg_image_animation=&#8221;none&#8221; shape_type=&#8221;&#8221;][vc_column column_padding=&#8221;no-extra-padding&#8221; column_padding_tablet=&#8221;inherit&#8221; column_padding_phone=&#8221;inherit&#8221; column_padding_position=&#8221;all&#8221; background_color_opacity=&#8221;1&#8243; background_hover_color_opacity=&#8221;1&#8243; column_shadow=&#8221;none&#8221; column_border_radius=&#8221;none&#8221; column_link_target=&#8221;_self&#8221; gradient_direction=&#8221;left_to_right&#8221; overlay_strength=&#8221;0.3&#8243; width=&#8221;1\/1&#8243;...","og_url":"https:\/\/www.agullovilaro.es\/en\/aviso-legal\/","og_site_name":"Cl\u00ednica Odontol\u00f3gica Agull\u00f3 y Vilar\u00f3","article_modified_time":"2020-07-14T17:32:57+00:00","twitter_card":"summary_large_image","twitter_misc":{"Est. reading time":"9 minutes"},"schema":{"@context":"https:\/\/schema.org","@graph":[{"@type":"WebPage","@id":"https:\/\/www.agullovilaro.es\/en\/aviso-legal\/","url":"https:\/\/www.agullovilaro.es\/en\/aviso-legal\/","name":"Aviso legal - Cl\u00ednica Odontol\u00f3gica Agull\u00f3 y Vilar\u00f3","isPartOf":{"@id":"https:\/\/www.agullovilaro.es\/#website"},"datePublished":"2019-06-06T15:40:32+00:00","dateModified":"2020-07-14T17:32:57+00:00","breadcrumb":{"@id":"https:\/\/www.agullovilaro.es\/en\/aviso-legal\/#breadcrumb"},"inLanguage":"en-US","potentialAction":[{"@type":"ReadAction","target":["https:\/\/www.agullovilaro.es\/en\/aviso-legal\/"]}]},{"@type":"BreadcrumbList","@id":"https:\/\/www.agullovilaro.es\/en\/aviso-legal\/#breadcrumb","itemListElement":[{"@type":"ListItem","position":1,"name":"Portada","item":"https:\/\/www.agullovilaro.es\/en\/"},{"@type":"ListItem","position":2,"name":"Aviso legal"}]},{"@type":"WebSite","@id":"https:\/\/www.agullovilaro.es\/#website","url":"https:\/\/www.agullovilaro.es\/","name":"Cl\u00ednica Odontol\u00f3gica Agull\u00f3 y Vilar\u00f3","description":"","potentialAction":[{"@type":"SearchAction","target":{"@type":"EntryPoint","urlTemplate":"https:\/\/www.agullovilaro.es\/?s={search_term_string}"},"query-input":{"@type":"PropertyValueSpecification","valueRequired":true,"valueName":"search_term_string"}}],"inLanguage":"en-US"}]}},"_links":{"self":[{"href":"https:\/\/www.agullovilaro.es\/en\/wp-json\/wp\/v2\/pages\/4047","targetHints":{"allow":["GET"]}}],"collection":[{"href":"https:\/\/www.agullovilaro.es\/en\/wp-json\/wp\/v2\/pages"}],"about":[{"href":"https:\/\/www.agullovilaro.es\/en\/wp-json\/wp\/v2\/types\/page"}],"author":[{"embeddable":true,"href":"https:\/\/www.agullovilaro.es\/en\/wp-json\/wp\/v2\/users\/7"}],"replies":[{"embeddable":true,"href":"https:\/\/www.agullovilaro.es\/en\/wp-json\/wp\/v2\/comments?post=4047"}],"version-history":[{"count":2,"href":"https:\/\/www.agullovilaro.es\/en\/wp-json\/wp\/v2\/pages\/4047\/revisions"}],"predecessor-version":[{"id":4413,"href":"https:\/\/www.agullovilaro.es\/en\/wp-json\/wp\/v2\/pages\/4047\/revisions\/4413"}],"wp:attachment":[{"href":"https:\/\/www.agullovilaro.es\/en\/wp-json\/wp\/v2\/media?parent=4047"}],"curies":[{"name":"wp","href":"https:\/\/api.w.org\/{rel}","templated":true}]}}